{"id":33376,"date":"2026-03-31T21:19:23","date_gmt":"2026-03-31T19:19:23","guid":{"rendered":"https:\/\/cmon-sports.com\/?page_id=33376"},"modified":"2026-04-06T11:58:46","modified_gmt":"2026-04-06T09:58:46","slug":"etude-de-cas-hcc-calendrier-de-lavent-2025","status":"publish","type":"page","link":"https:\/\/cmon-sports.com\/fr\/etude-de-cas-hcc-calendrier-de-lavent-2025\/","title":{"rendered":"\u00c9tude de cas HCC &#8211; Vente group\u00e9e de billets pour les matchs de janvier"},"content":{"rendered":"\t\t<div data-elementor-type=\"wp-page\" data-elementor-id=\"33376\" class=\"elementor elementor-33376 elementor-33374\">\n\t\t\t\t\t\t<section class=\"elementor-section elementor-top-section elementor-element elementor-element-0e487e0 elementor-section-full_width elementor-section-height-default elementor-section-height-default\" data-id=\"0e487e0\" data-element_type=\"section\" data-e-type=\"section\" data-settings=\"{&quot;background_background&quot;:&quot;classic&quot;}\">\n\t\t\t\t\t\t\t<div class=\"elementor-background-overlay\"><\/div>\n\t\t\t\t\t\t\t<div class=\"elementor-container elementor-column-gap-no\">\n\t\t\t\t\t<div class=\"elementor-column elementor-col-100 elementor-top-column elementor-element elementor-element-1d5d1eb\" data-id=\"1d5d1eb\" data-element_type=\"column\" data-e-type=\"column\" data-settings=\"{&quot;background_background&quot;:&quot;classic&quot;}\">\n\t\t\t<div class=\"elementor-widget-wrap elementor-element-populated\">\n\t\t\t\t\t<div class=\"elementor-background-overlay\"><\/div>\n\t\t\t\t\t\t<div class=\"elementor-element elementor-element-f07701c elementor-widget-divider--view-line elementor-widget elementor-widget-divider\" data-id=\"f07701c\" data-element_type=\"widget\" data-e-type=\"widget\" data-widget_type=\"divider.default\">\n\t\t\t\t\t\t<div class=\"elementor-widget-container\">\n\t\t\t\t\t\t\t<div class=\"elementor-divider\">\n\t\t\t<span class=\"elementor-divider-separator\">\n\t\t\t\t\t\t<\/span>\n\t\t<\/div>\n\t\t\t\t\t\t<\/div>\n\t\t\t\t<\/div>\n\t\t\t\t<div class=\"elementor-element elementor-element-6840810 elementor-widget elementor-widget-heading\" data-id=\"6840810\" data-element_type=\"widget\" data-e-type=\"widget\" data-widget_type=\"heading.default\">\n\t\t\t\t\t\t<div class=\"elementor-widget-container\">\n\t\t\t\t\t<h1 class=\"elementor-heading-title elementor-size-default\">T\u00e9l\u00e9chargez notre \u00e9tude de cas avec HC La Chaux-de-Fonds<\/h1>\t\t\t\t<\/div>\n\t\t\t\t<\/div>\n\t\t\t\t<div class=\"elementor-element elementor-element-403aefb elementor-widget elementor-widget-text-editor\" data-id=\"403aefb\" data-element_type=\"widget\" data-e-type=\"widget\" data-widget_type=\"text-editor.default\">\n\t\t\t\t\t\t<div class=\"elementor-widget-container\">\n\t\t\t\t\t\t\t\t\t<p>Pour savoir comment nous avons aid\u00e9 le Hockey Club La Chaux-de-Fonds \u00e0 augmenter les ventes de billets group\u00e9s pour les matchs de janvier, \u00e0 r\u00e9compenser et \u00e0 activer les d\u00e9tenteurs de billets de saison, tout en capturant des donn\u00e9es comportementales structur\u00e9es, et \u00e0 valider l&#8217;activation saisonni\u00e8re comme levier commercial reproductible, t\u00e9l\u00e9chargez l&#8217;\u00e9tude de cas ci-dessous.  <\/p>\t\t\t\t\t\t\t\t<\/div>\n\t\t\t\t<\/div>\n\t\t\t\t\t<\/div>\n\t\t<\/div>\n\t\t\t\t\t<\/div>\n\t\t<\/section>\n\t\t<div class=\"elementor-element elementor-element-26e464f e-flex e-con-boxed e-con e-parent\" data-id=\"26e464f\" data-element_type=\"container\" data-e-type=\"container\">\n\t\t\t\t\t<div class=\"e-con-inner\">\n\t\t\t\t<div class=\"elementor-element elementor-element-43ea280 elementor-widget elementor-widget-wpforms\" data-id=\"43ea280\" data-element_type=\"widget\" data-e-type=\"widget\" data-widget_type=\"wpforms.default\">\n\t\t\t\t\t\t<div class=\"elementor-widget-container\">\n\t\t\t\t\t<div class=\"wpforms-container \" id=\"wpforms-33383\"><form id=\"wpforms-form-33383\" class=\"wpforms-validate wpforms-form wpforms-ajax-form\" data-formid=\"33383\" method=\"post\" enctype=\"multipart\/form-data\" action=\"\/fr\/wp-json\/wp\/v2\/pages\/33376\" data-token=\"28030042d6f9d2b3cb692979e28c105c\" data-token-time=\"1776917661\"><noscript class=\"wpforms-error-noscript\">Veuillez activer JavaScript dans votre navigateur pour remplir ce formulaire.<\/noscript><div class=\"wpforms-field-container\"><div id=\"wpforms-33383-field_6-container\" class=\"wpforms-field wpforms-field-name\" data-field-id=\"6\"><label class=\"wpforms-field-label\">Nom <span class=\"wpforms-required-label\">*<\/span><\/label><div class=\"wpforms-field-row wpforms-field-medium\"><div class=\"wpforms-field-row-block wpforms-first wpforms-one-half\"><input type=\"text\" id=\"wpforms-33383-field_6\" class=\"wpforms-field-name-first wpforms-field-required\" name=\"wpforms[fields][6][first]\" required><label for=\"wpforms-33383-field_6\" class=\"wpforms-field-sublabel after\">Premi\u00e8re<\/label><\/div><div class=\"wpforms-field-row-block wpforms-one-half\"><input type=\"text\" id=\"wpforms-33383-field_6-last\" class=\"wpforms-field-name-last wpforms-field-required\" name=\"wpforms[fields][6][last]\" required><label for=\"wpforms-33383-field_6-last\" class=\"wpforms-field-sublabel after\">Dernier<\/label><\/div><\/div><\/div><div id=\"wpforms-33383-field_1-container\" class=\"wpforms-field wpforms-field-email\" data-field-id=\"1\"><label class=\"wpforms-field-label\" for=\"wpforms-33383-field_1\">Courriel <span class=\"wpforms-required-label\">*<\/span><\/label><input type=\"email\" id=\"wpforms-33383-field_1\" class=\"wpforms-field-medium wpforms-field-required\" name=\"wpforms[fields][1]\" spellcheck=\"false\" required><\/div><div id=\"wpforms-33383-field_13-container\" class=\"wpforms-field wpforms-field-phone\" data-field-id=\"13\"><label class=\"wpforms-field-label\" for=\"wpforms-33383-field_13\">T\u00e9l\u00e9phone <span class=\"wpforms-required-label\">*<\/span><\/label><input type=\"tel\" id=\"wpforms-33383-field_13\" class=\"wpforms-field-medium wpforms-field-required wpforms-smart-phone-field\" data-rule-smart-phone-field=\"true\" name=\"wpforms[fields][13]\" aria-label=\"T\u00e9l\u00e9phone\" required><\/div><div id=\"wpforms-33383-field_7-container\" class=\"wpforms-field wpforms-field-text\" data-field-id=\"7\"><label class=\"wpforms-field-label\" for=\"wpforms-33383-field_7\">Quel est le nom de votre organisation ? <span class=\"wpforms-required-label\">*<\/span><\/label><input type=\"text\" id=\"wpforms-33383-field_7\" class=\"wpforms-field-medium wpforms-field-required\" name=\"wpforms[fields][7]\" required><\/div><div id=\"wpforms-33383-field_9-container\" class=\"wpforms-field wpforms-field-checkbox\" data-field-id=\"9\"><label class=\"wpforms-field-label\">Laquelle d\u00e9crit le mieux votre r\u00f4le dans l&#039;organisation ? <span class=\"wpforms-required-label\">*<\/span><\/label><ul id=\"wpforms-33383-field_9\" class=\"wpforms-field-required\"><li class=\"choice-1 depth-1\"><input type=\"checkbox\" id=\"wpforms-33383-field_9_1\" name=\"wpforms[fields][9][]\" value=\"Cadre\" required ><label class=\"wpforms-field-label-inline\" for=\"wpforms-33383-field_9_1\">Cadre<\/label><\/li><li class=\"choice-2 depth-1\"><input type=\"checkbox\" id=\"wpforms-33383-field_9_2\" name=\"wpforms[fields][9][]\" value=\"Gestionnaire\" required ><label class=\"wpforms-field-label-inline\" for=\"wpforms-33383-field_9_2\">Gestionnaire<\/label><\/li><li class=\"choice-3 depth-1\"><input type=\"checkbox\" id=\"wpforms-33383-field_9_3\" name=\"wpforms[fields][9][]\" value=\"Analyste\" required ><label class=\"wpforms-field-label-inline\" for=\"wpforms-33383-field_9_3\">Analyste<\/label><\/li><li class=\"choice-4 depth-1\"><input type=\"checkbox\" id=\"wpforms-33383-field_9_4\" name=\"wpforms[fields][9][]\" value=\"Autre\" required ><label class=\"wpforms-field-label-inline\" for=\"wpforms-33383-field_9_4\">Autre<\/label><\/li><\/ul><\/div><div id=\"wpforms-33383-field_10-container\" class=\"wpforms-field wpforms-field-text\" data-field-id=\"10\"><label class=\"wpforms-field-label\" for=\"wpforms-33383-field_10\">Dans quel(s) sport(s) votre organisation est-elle sp\u00e9cialis\u00e9e ? <span class=\"wpforms-required-label\">*<\/span><\/label><input type=\"text\" id=\"wpforms-33383-field_10\" class=\"wpforms-field-medium wpforms-field-required\" name=\"wpforms[fields][10]\" required><\/div><div id=\"wpforms-33383-field_11-container\" class=\"wpforms-field wpforms-field-textarea\" data-field-id=\"11\"><label class=\"wpforms-field-label\" for=\"wpforms-33383-field_11\">Quels sont vos principaux d\u00e9fis en mati\u00e8re de donn\u00e9es ?<\/label><textarea id=\"wpforms-33383-field_11\" class=\"wpforms-field-medium\" name=\"wpforms[fields][11]\" ><\/textarea><\/div><div id=\"wpforms-33383-field_3-container\" class=\"wpforms-field wpforms-field-select wpforms-field-select-style-classic\" data-field-id=\"3\"><label class=\"wpforms-field-label\" for=\"wpforms-33383-field_3\">O\u00f9 avez-vous entendu parler de nous ? <span class=\"wpforms-required-label\">*<\/span><\/label><select id=\"wpforms-33383-field_3\" class=\"wpforms-field-medium wpforms-field-required\" name=\"wpforms[fields][3]\" required=\"required\"><option value=\"M\u00e9dias sociaux\"  class=\"choice-1 depth-1\"  >M\u00e9dias sociaux<\/option><option value=\"Moteur de recherche\"  class=\"choice-2 depth-1\"  >Moteur de recherche<\/option><option value=\"R\u00e9f\u00e9rence\"  class=\"choice-3 depth-1\"  >R\u00e9f\u00e9rence<\/option><option value=\"Conf\u00e9rence\/ \u00e9v\u00e9nement\"  class=\"choice-4 depth-1\"  >Conf\u00e9rence\/ \u00e9v\u00e9nement<\/option><option value=\"Autre\"  class=\"choice-5 depth-1\"  >Autre<\/option><\/select><\/div><div id=\"wpforms-33383-field_5-container\" class=\"wpforms-field wpforms-field-checkbox\" data-field-id=\"5\"><label class=\"wpforms-field-label wpforms-label-hide\">Consentement \u00e0 l&#039;envoi de courriels de marketing <span class=\"wpforms-required-label\">*<\/span><\/label><ul id=\"wpforms-33383-field_5\" class=\"wpforms-field-required\"><li class=\"choice-1 depth-1\"><input type=\"checkbox\" id=\"wpforms-33383-field_5_1\" name=\"wpforms[fields][5][]\" value=\"Veuillez cliquer ici pour vous inscrire \u00e0 notre liste de diffusion.\" required ><label class=\"wpforms-field-label-inline\" for=\"wpforms-33383-field_5_1\">Veuillez cliquer ici pour vous inscrire \u00e0 notre liste de diffusion.<\/label><\/li><\/ul><\/div><\/div><!-- .wpforms-field-container --><div class=\"wpforms-recaptcha-container wpforms-is-recaptcha wpforms-is-recaptcha-type-v3\" ><input type=\"hidden\" name=\"wpforms[recaptcha]\" value=\"\"><\/div><div class=\"wpforms-submit-container\" ><input type=\"hidden\" name=\"wpforms[id]\" value=\"33383\"><input type=\"hidden\" name=\"page_title\" value=\"\"><input type=\"hidden\" name=\"page_url\" value=\"https:\/\/cmon-sports.com\/fr\/wp-json\/wp\/v2\/pages\/33376\"><input type=\"hidden\" name=\"url_referer\" value=\"\"><button type=\"submit\" name=\"wpforms[submit]\" id=\"wpforms-submit-33383\" class=\"wpforms-submit\" data-alt-text=\"Envoi...\" data-submit-text=\"Soumettre\" aria-live=\"assertive\" value=\"wpforms-submit\">Soumettre<\/button><img decoding=\"async\" src=\"https:\/\/cmon-sports.com\/wp-content\/plugins\/wpforms\/assets\/images\/submit-spin.svg\" class=\"wpforms-submit-spinner\" style=\"display: none;\" width=\"26\" height=\"26\" alt=\"Chargement en cours\"><\/div><\/form><\/div>  <!-- .wpforms-container -->\t\t\t\t<\/div>\n\t\t\t\t<\/div>\n\t\t\t\t\t<\/div>\n\t\t\t\t<\/div>\n\t\t\t\t<\/div>\n\t\t","protected":false},"excerpt":{"rendered":"<p>T\u00e9l\u00e9chargez notre \u00e9tude de cas avec HC La Chaux-de-Fonds Pour savoir comment nous avons aid\u00e9 le Hockey Club La Chaux-de-Fonds \u00e0 augmenter les ventes de billets group\u00e9s pour les matchs de janvier, \u00e0 r\u00e9compenser et \u00e0 activer les d\u00e9tenteurs de billets de saison, tout en capturant des donn\u00e9es comportementales structur\u00e9es, et \u00e0 valider l&#8217;activation saisonni\u00e8re [&hellip;]<\/p>\n","protected":false},"author":1,"featured_media":33380,"parent":0,"menu_order":0,"comment_status":"closed","ping_status":"closed","template":"","meta":{"site-sidebar-layout":"no-sidebar","site-content-layout":"page-builder","ast-site-content-layout":"full-width-container","site-content-style":"unboxed","site-sidebar-style":"unboxed","ast-global-header-display":"","ast-banner-title-visibility":"","ast-main-header-display":"","ast-hfb-above-header-display":"","ast-hfb-below-header-display":"","ast-hfb-mobile-header-display":"","site-post-title":"disabled","ast-breadcrumbs-content":"","ast-featured-img":"disabled","footer-sml-layout":"","ast-disable-related-posts":"","theme-transparent-header-meta":"enabled","adv-header-id-meta":"","stick-header-meta":"","header-above-stick-meta":"","header-main-stick-meta":"","header-below-stick-meta":"","astra-migrate-meta-layouts":"default","ast-page-background-enabled":"default","ast-page-background-meta":{"desktop":{"background-color":"var(--ast-global-color-4)","background-image":"","background-repeat":"repeat","background-position":"center center","background-size":"auto","background-attachment":"scroll","background-type":"","background-media":"","overlay-type":"","overlay-color":"","overlay-opacity":"","overlay-gradient":""},"tablet":{"background-color":"","background-image":"","background-repeat":"repeat","background-position":"center center","background-size":"auto","background-attachment":"scroll","background-type":"","background-media":"","overlay-type":"","overlay-color":"","overlay-opacity":"","overlay-gradient":""},"mobile":{"background-color":"","background-image":"","background-repeat":"repeat","background-position":"center center","background-size":"auto","background-attachment":"scroll","background-type":"","background-media":"","overlay-type":"","overlay-color":"","overlay-opacity":"","overlay-gradient":""}},"ast-content-background-meta":{"desktop":{"background-color":"var(--ast-global-color-5)","background-image":"","background-repeat":"repeat","background-position":"center center","background-size":"auto","background-attachment":"scroll","background-type":"","background-media":"","overlay-type":"","overlay-color":"","overlay-opacity":"","overlay-gradient":""},"tablet":{"background-color":"var(--ast-global-color-5)","background-image":"","background-repeat":"repeat","background-position":"center center","background-size":"auto","background-attachment":"scroll","background-type":"","background-media":"","overlay-type":"","overlay-color":"","overlay-opacity":"","overlay-gradient":""},"mobile":{"background-color":"var(--ast-global-color-5)","background-image":"","background-repeat":"repeat","background-position":"center center","background-size":"auto","background-attachment":"scroll","background-type":"","background-media":"","overlay-type":"","overlay-color":"","overlay-opacity":"","overlay-gradient":""}},"footnotes":""},"class_list":["post-33376","page","type-page","status-publish","has-post-thumbnail","hentry"],"yoast_head":"<!-- This site is optimized with the Yoast SEO plugin v27.4 - https:\/\/yoast.com\/product\/yoast-seo-wordpress\/ -->\n<title>C&#039;mon Sports | Sport Business Agency - \u00c9tude de cas HCC - Vente group\u00e9e de billets pour les matchs de janvier<\/title>\n<meta name=\"description\" content=\"D\u00e9couvrez comment le HC La Chaux-de-Fonds a augment\u00e9 les ventes de billets group\u00e9s pour les matchs de janvier, r\u00e9compens\u00e9 et activ\u00e9 les d\u00e9tenteurs d&#039;abonnements.\" \/>\n<meta name=\"robots\" content=\"index, follow, max-snippet:-1, max-image-preview:large, max-video-preview:-1\" \/>\n<link rel=\"canonical\" href=\"https:\/\/cmon-sports.com\/fr\/etude-de-cas-hcc-calendrier-de-lavent-2025\/\" \/>\n<meta property=\"og:locale\" content=\"fr_FR\" \/>\n<meta property=\"og:type\" content=\"article\" \/>\n<meta property=\"og:title\" content=\"C&#039;mon Sports | Sport Business Agency - \u00c9tude de cas HCC - Vente group\u00e9e de billets pour les matchs de janvier\" \/>\n<meta property=\"og:description\" content=\"D\u00e9couvrez comment le HC La Chaux-de-Fonds a augment\u00e9 les ventes de billets group\u00e9s pour les matchs de janvier, r\u00e9compens\u00e9 et activ\u00e9 les d\u00e9tenteurs d&#039;abonnements.\" \/>\n<meta property=\"og:url\" content=\"https:\/\/cmon-sports.com\/fr\/etude-de-cas-hcc-calendrier-de-lavent-2025\/\" \/>\n<meta property=\"og:site_name\" content=\"C&#039;mon Sports | Sport Business Agency\" \/>\n<meta property=\"article:modified_time\" content=\"2026-04-06T09:58:46+00:00\" \/>\n<meta property=\"og:image\" content=\"https:\/\/cmon-sports.com\/wp-content\/uploads\/2024\/08\/Message-1-1-1024x576.png\" \/>\n<meta name=\"twitter:card\" content=\"summary_large_image\" \/>\n<meta name=\"twitter:title\" content=\"Contactez nous\" \/>\n<meta name=\"twitter:description\" content=\"B\u00e9n\u00e9ficiez d&#039;une expertise en mati\u00e8re d&#039;analyse des affaires sportives. Contactez-nous d\u00e8s aujourd&#039;hui pour obtenir des strat\u00e9gies bas\u00e9es sur les donn\u00e9es et des informations cruciales afin d&#039;am\u00e9liorer votre entreprise sportive.\" \/>\n<meta name=\"twitter:label1\" content=\"Dur\u00e9e de lecture estim\u00e9e\" \/>\n\t<meta name=\"twitter:data1\" content=\"1 minute\" \/>\n<script type=\"application\/ld+json\" class=\"yoast-schema-graph\">{\"@context\":\"https:\\\/\\\/schema.org\",\"@graph\":[{\"@type\":\"WebPage\",\"@id\":\"https:\\\/\\\/cmon-sports.com\\\/fr\\\/etude-de-cas-hcc-calendrier-de-lavent-2025\\\/\",\"url\":\"https:\\\/\\\/cmon-sports.com\\\/fr\\\/etude-de-cas-hcc-calendrier-de-lavent-2025\\\/\",\"name\":\"C&#039;mon Sports | Sport Business Agency - \u00c9tude de cas HCC - Vente group\u00e9e de billets pour les matchs de janvier\",\"isPartOf\":{\"@id\":\"https:\\\/\\\/cmon-sports.com\\\/#website\"},\"primaryImageOfPage\":{\"@id\":\"https:\\\/\\\/cmon-sports.com\\\/fr\\\/etude-de-cas-hcc-calendrier-de-lavent-2025\\\/#primaryimage\"},\"image\":{\"@id\":\"https:\\\/\\\/cmon-sports.com\\\/fr\\\/etude-de-cas-hcc-calendrier-de-lavent-2025\\\/#primaryimage\"},\"thumbnailUrl\":\"https:\\\/\\\/cmon-sports.com\\\/wp-content\\\/uploads\\\/2026\\\/03\\\/Message-1-3.png\",\"datePublished\":\"2026-03-31T19:19:23+00:00\",\"dateModified\":\"2026-04-06T09:58:46+00:00\",\"description\":\"D\u00e9couvrez comment le HC La Chaux-de-Fonds a augment\u00e9 les ventes de billets group\u00e9s pour les matchs de janvier, r\u00e9compens\u00e9 et activ\u00e9 les d\u00e9tenteurs d'abonnements.\",\"breadcrumb\":{\"@id\":\"https:\\\/\\\/cmon-sports.com\\\/fr\\\/etude-de-cas-hcc-calendrier-de-lavent-2025\\\/#breadcrumb\"},\"inLanguage\":\"fr-FR\",\"potentialAction\":[{\"@type\":\"ReadAction\",\"target\":[\"https:\\\/\\\/cmon-sports.com\\\/fr\\\/etude-de-cas-hcc-calendrier-de-lavent-2025\\\/\"]}]},{\"@type\":\"ImageObject\",\"inLanguage\":\"fr-FR\",\"@id\":\"https:\\\/\\\/cmon-sports.com\\\/fr\\\/etude-de-cas-hcc-calendrier-de-lavent-2025\\\/#primaryimage\",\"url\":\"https:\\\/\\\/cmon-sports.com\\\/wp-content\\\/uploads\\\/2026\\\/03\\\/Message-1-3.png\",\"contentUrl\":\"https:\\\/\\\/cmon-sports.com\\\/wp-content\\\/uploads\\\/2026\\\/03\\\/Message-1-3.png\",\"width\":2240,\"height\":1260},{\"@type\":\"BreadcrumbList\",\"@id\":\"https:\\\/\\\/cmon-sports.com\\\/fr\\\/etude-de-cas-hcc-calendrier-de-lavent-2025\\\/#breadcrumb\",\"itemListElement\":[{\"@type\":\"ListItem\",\"position\":1,\"name\":\"Home\",\"item\":\"https:\\\/\\\/cmon-sports.com\\\/fr\\\/accueil\\\/\"},{\"@type\":\"ListItem\",\"position\":2,\"name\":\"\u00c9tude de cas HCC &#8211; Vente group\u00e9e de billets pour les matchs de janvier\"}]},{\"@type\":\"WebSite\",\"@id\":\"https:\\\/\\\/cmon-sports.com\\\/#website\",\"url\":\"https:\\\/\\\/cmon-sports.com\\\/\",\"name\":\"C&#039;mon Sports | Sport Business Agency\",\"description\":\"It&#039;s not only about data, it&#039;s about the stories it tells\",\"publisher\":{\"@id\":\"https:\\\/\\\/cmon-sports.com\\\/#organization\"},\"potentialAction\":[{\"@type\":\"SearchAction\",\"target\":{\"@type\":\"EntryPoint\",\"urlTemplate\":\"https:\\\/\\\/cmon-sports.com\\\/?s={search_term_string}\"},\"query-input\":{\"@type\":\"PropertyValueSpecification\",\"valueRequired\":true,\"valueName\":\"search_term_string\"}}],\"inLanguage\":\"fr-FR\"},{\"@type\":\"Organization\",\"@id\":\"https:\\\/\\\/cmon-sports.com\\\/#organization\",\"name\":\"C&#039;mon Sports | Sport Business Agency\",\"url\":\"https:\\\/\\\/cmon-sports.com\\\/\",\"logo\":{\"@type\":\"ImageObject\",\"inLanguage\":\"fr-FR\",\"@id\":\"https:\\\/\\\/cmon-sports.com\\\/#\\\/schema\\\/logo\\\/image\\\/\",\"url\":\"https:\\\/\\\/cmon-sports.com\\\/wp-content\\\/uploads\\\/2025\\\/12\\\/logo_PRINCIPAL-white-scaled-e1767086426934.png\",\"contentUrl\":\"https:\\\/\\\/cmon-sports.com\\\/wp-content\\\/uploads\\\/2025\\\/12\\\/logo_PRINCIPAL-white-scaled-e1767086426934.png\",\"width\":1250,\"height\":1550,\"caption\":\"C&#039;mon Sports | Sport Business Agency\"},\"image\":{\"@id\":\"https:\\\/\\\/cmon-sports.com\\\/#\\\/schema\\\/logo\\\/image\\\/\"}}]}<\/script>\n<!-- \/ Yoast SEO plugin. -->","yoast_head_json":{"title":"C&#039;mon Sports | Sport Business Agency - \u00c9tude de cas HCC - Vente group\u00e9e de billets pour les matchs de janvier","description":"D\u00e9couvrez comment le HC La Chaux-de-Fonds a augment\u00e9 les ventes de billets group\u00e9s pour les matchs de janvier, r\u00e9compens\u00e9 et activ\u00e9 les d\u00e9tenteurs d'abonnements.","robots":{"index":"index","follow":"follow","max-snippet":"max-snippet:-1","max-image-preview":"max-image-preview:large","max-video-preview":"max-video-preview:-1"},"canonical":"https:\/\/cmon-sports.com\/fr\/etude-de-cas-hcc-calendrier-de-lavent-2025\/","og_locale":"fr_FR","og_type":"article","og_title":"C&#039;mon Sports | Sport Business Agency - \u00c9tude de cas HCC - Vente group\u00e9e de billets pour les matchs de janvier","og_description":"D\u00e9couvrez comment le HC La Chaux-de-Fonds a augment\u00e9 les ventes de billets group\u00e9s pour les matchs de janvier, r\u00e9compens\u00e9 et activ\u00e9 les d\u00e9tenteurs d'abonnements.","og_url":"https:\/\/cmon-sports.com\/fr\/etude-de-cas-hcc-calendrier-de-lavent-2025\/","og_site_name":"C&#039;mon Sports | Sport Business Agency","article_modified_time":"2026-04-06T09:58:46+00:00","og_image":[{"url":"https:\/\/cmon-sports.com\/wp-content\/uploads\/2024\/08\/Message-1-1-1024x576.png","type":"","width":"","height":""}],"twitter_card":"summary_large_image","twitter_title":"Contactez nous","twitter_description":"B\u00e9n\u00e9ficiez d'une expertise en mati\u00e8re d'analyse des affaires sportives. Contactez-nous d\u00e8s aujourd'hui pour obtenir des strat\u00e9gies bas\u00e9es sur les donn\u00e9es et des informations cruciales afin d'am\u00e9liorer votre entreprise sportive.","twitter_misc":{"Dur\u00e9e de lecture estim\u00e9e":"1 minute"},"schema":{"@context":"https:\/\/schema.org","@graph":[{"@type":"WebPage","@id":"https:\/\/cmon-sports.com\/fr\/etude-de-cas-hcc-calendrier-de-lavent-2025\/","url":"https:\/\/cmon-sports.com\/fr\/etude-de-cas-hcc-calendrier-de-lavent-2025\/","name":"C&#039;mon Sports | Sport Business Agency - \u00c9tude de cas HCC - Vente group\u00e9e de billets pour les matchs de janvier","isPartOf":{"@id":"https:\/\/cmon-sports.com\/#website"},"primaryImageOfPage":{"@id":"https:\/\/cmon-sports.com\/fr\/etude-de-cas-hcc-calendrier-de-lavent-2025\/#primaryimage"},"image":{"@id":"https:\/\/cmon-sports.com\/fr\/etude-de-cas-hcc-calendrier-de-lavent-2025\/#primaryimage"},"thumbnailUrl":"https:\/\/cmon-sports.com\/wp-content\/uploads\/2026\/03\/Message-1-3.png","datePublished":"2026-03-31T19:19:23+00:00","dateModified":"2026-04-06T09:58:46+00:00","description":"D\u00e9couvrez comment le HC La Chaux-de-Fonds a augment\u00e9 les ventes de billets group\u00e9s pour les matchs de janvier, r\u00e9compens\u00e9 et activ\u00e9 les d\u00e9tenteurs d'abonnements.","breadcrumb":{"@id":"https:\/\/cmon-sports.com\/fr\/etude-de-cas-hcc-calendrier-de-lavent-2025\/#breadcrumb"},"inLanguage":"fr-FR","potentialAction":[{"@type":"ReadAction","target":["https:\/\/cmon-sports.com\/fr\/etude-de-cas-hcc-calendrier-de-lavent-2025\/"]}]},{"@type":"ImageObject","inLanguage":"fr-FR","@id":"https:\/\/cmon-sports.com\/fr\/etude-de-cas-hcc-calendrier-de-lavent-2025\/#primaryimage","url":"https:\/\/cmon-sports.com\/wp-content\/uploads\/2026\/03\/Message-1-3.png","contentUrl":"https:\/\/cmon-sports.com\/wp-content\/uploads\/2026\/03\/Message-1-3.png","width":2240,"height":1260},{"@type":"BreadcrumbList","@id":"https:\/\/cmon-sports.com\/fr\/etude-de-cas-hcc-calendrier-de-lavent-2025\/#breadcrumb","itemListElement":[{"@type":"ListItem","position":1,"name":"Home","item":"https:\/\/cmon-sports.com\/fr\/accueil\/"},{"@type":"ListItem","position":2,"name":"\u00c9tude de cas HCC &#8211; Vente group\u00e9e de billets pour les matchs de janvier"}]},{"@type":"WebSite","@id":"https:\/\/cmon-sports.com\/#website","url":"https:\/\/cmon-sports.com\/","name":"C&#039;mon Sports | Sport Business Agency","description":"It&#039;s not only about data, it&#039;s about the stories it tells","publisher":{"@id":"https:\/\/cmon-sports.com\/#organization"},"potentialAction":[{"@type":"SearchAction","target":{"@type":"EntryPoint","urlTemplate":"https:\/\/cmon-sports.com\/?s={search_term_string}"},"query-input":{"@type":"PropertyValueSpecification","valueRequired":true,"valueName":"search_term_string"}}],"inLanguage":"fr-FR"},{"@type":"Organization","@id":"https:\/\/cmon-sports.com\/#organization","name":"C&#039;mon Sports | Sport Business Agency","url":"https:\/\/cmon-sports.com\/","logo":{"@type":"ImageObject","inLanguage":"fr-FR","@id":"https:\/\/cmon-sports.com\/#\/schema\/logo\/image\/","url":"https:\/\/cmon-sports.com\/wp-content\/uploads\/2025\/12\/logo_PRINCIPAL-white-scaled-e1767086426934.png","contentUrl":"https:\/\/cmon-sports.com\/wp-content\/uploads\/2025\/12\/logo_PRINCIPAL-white-scaled-e1767086426934.png","width":1250,"height":1550,"caption":"C&#039;mon Sports | Sport Business Agency"},"image":{"@id":"https:\/\/cmon-sports.com\/#\/schema\/logo\/image\/"}}]}},"_links":{"self":[{"href":"https:\/\/cmon-sports.com\/fr\/wp-json\/wp\/v2\/pages\/33376","targetHints":{"allow":["GET"]}}],"collection":[{"href":"https:\/\/cmon-sports.com\/fr\/wp-json\/wp\/v2\/pages"}],"about":[{"href":"https:\/\/cmon-sports.com\/fr\/wp-json\/wp\/v2\/types\/page"}],"author":[{"embeddable":true,"href":"https:\/\/cmon-sports.com\/fr\/wp-json\/wp\/v2\/users\/1"}],"replies":[{"embeddable":true,"href":"https:\/\/cmon-sports.com\/fr\/wp-json\/wp\/v2\/comments?post=33376"}],"version-history":[{"count":3,"href":"https:\/\/cmon-sports.com\/fr\/wp-json\/wp\/v2\/pages\/33376\/revisions"}],"predecessor-version":[{"id":33591,"href":"https:\/\/cmon-sports.com\/fr\/wp-json\/wp\/v2\/pages\/33376\/revisions\/33591"}],"wp:featuredmedia":[{"embeddable":true,"href":"https:\/\/cmon-sports.com\/fr\/wp-json\/wp\/v2\/media\/33380"}],"wp:attachment":[{"href":"https:\/\/cmon-sports.com\/fr\/wp-json\/wp\/v2\/media?parent=33376"}],"curies":[{"name":"wp","href":"https:\/\/api.w.org\/{rel}","templated":true}]}}