{"id":30514,"date":"2024-04-07T11:28:04","date_gmt":"2024-04-07T09:28:04","guid":{"rendered":"https:\/\/cmon-sports.com\/bulletin-dinformation\/"},"modified":"2026-05-11T13:57:43","modified_gmt":"2026-05-11T11:57:43","slug":"bulletin-dinformation","status":"publish","type":"page","link":"https:\/\/cmon-sports.com\/fr\/bulletin-dinformation\/","title":{"rendered":"Bulletin d&#8217;information"},"content":{"rendered":"\t\t<div data-elementor-type=\"wp-page\" data-elementor-id=\"30514\" class=\"elementor elementor-30514 elementor-29736\">\n\t\t\t\t\t\t<section class=\"elementor-section elementor-top-section elementor-element elementor-element-0e487e0 elementor-section-full_width elementor-section-height-default elementor-section-height-default\" data-id=\"0e487e0\" data-element_type=\"section\" data-e-type=\"section\" data-settings=\"{&quot;background_background&quot;:&quot;classic&quot;}\">\n\t\t\t\t\t\t\t<div class=\"elementor-background-overlay\"><\/div>\n\t\t\t\t\t\t\t<div class=\"elementor-container elementor-column-gap-no\">\n\t\t\t\t\t<div class=\"elementor-column elementor-col-100 elementor-top-column elementor-element elementor-element-1d5d1eb\" data-id=\"1d5d1eb\" data-element_type=\"column\" data-e-type=\"column\" data-settings=\"{&quot;background_background&quot;:&quot;classic&quot;}\">\n\t\t\t<div class=\"elementor-widget-wrap elementor-element-populated\">\n\t\t\t\t\t<div class=\"elementor-background-overlay\"><\/div>\n\t\t\t\t\t\t<div class=\"elementor-element elementor-element-f07701c elementor-widget-divider--view-line elementor-widget elementor-widget-divider\" data-id=\"f07701c\" data-element_type=\"widget\" data-e-type=\"widget\" data-widget_type=\"divider.default\">\n\t\t\t\t\t\t<div class=\"elementor-widget-container\">\n\t\t\t\t\t\t\t<div class=\"elementor-divider\">\n\t\t\t<span class=\"elementor-divider-separator\">\n\t\t\t\t\t\t<\/span>\n\t\t<\/div>\n\t\t\t\t\t\t<\/div>\n\t\t\t\t<\/div>\n\t\t\t\t<div class=\"elementor-element elementor-element-6840810 elementor-widget elementor-widget-heading\" data-id=\"6840810\" data-element_type=\"widget\" data-e-type=\"widget\" data-widget_type=\"heading.default\">\n\t\t\t\t\t\t<div class=\"elementor-widget-container\">\n\t\t\t\t\t<h1 class=\"elementor-heading-title elementor-size-default\">Bulletin d'information<\/h1>\t\t\t\t<\/div>\n\t\t\t\t<\/div>\n\t\t\t\t<div class=\"elementor-element elementor-element-403aefb elementor-widget elementor-widget-text-editor\" data-id=\"403aefb\" data-element_type=\"widget\" data-e-type=\"widget\" data-widget_type=\"text-editor.default\">\n\t\t\t\t\t\t<div class=\"elementor-widget-container\">\n\t\t\t\t\t\t\t\t\t<div class=\"flex-1 overflow-hidden\"><div class=\"react-scroll-to-bottom--css-qchwz-79elbk h-full\"><div class=\"react-scroll-to-bottom--css-qchwz-1n7m0yu\"><div><div class=\"flex flex-col text-sm pb-9\"><div class=\"w-full text-token-text-primary\" dir=\"auto\" data-testid=\"conversation-turn-14\"><div class=\"px-4 py-2 justify-center text-base md:gap-6 m-auto\"><div class=\"flex flex-1 text-base mx-auto gap-3 juice:gap-4 juice:md:gap-6 md:px-5 lg:px-1 xl:px-5 md:max-w-3xl lg:max-w-[40rem] xl:max-w-[48rem] group final-completion\"><div class=\"relative flex w-full flex-col agent-turn\"><div class=\"flex-col gap-1 md:gap-3\"><div class=\"flex flex-grow flex-col max-w-full\"><div class=\"min-h-[20px] text-message flex flex-col items-start gap-3 whitespace-pre-wrap break-words [.text-message+&amp;]:mt-5 overflow-x-auto\" dir=\"auto\" data-message-author-role=\"assistant\" data-message-id=\"504a2eb1-b412-4d38-9552-1d53b453aa1d\"><div class=\"markdown prose w-full break-words dark:prose-invert light\"><p>Gardez une longueur d&#8217;avance avec C&#8217;mon Sports ! Abonnez-vous \u00e0 notre lettre d&#8217;information pour recevoir les derni\u00e8res nouvelles, les mises \u00e0 jour et des informations exclusives sur nos exp\u00e9riences sportives uniques avec des athl\u00e8tes d&#8217;\u00e9lite. Soyez le premier \u00e0 conna\u00eetre les nouveaux \u00e9v\u00e9nements, les possibilit\u00e9s d&#8217;entra\u00eenement et les offres sp\u00e9ciales con\u00e7ues sp\u00e9cialement pour nos abonn\u00e9s. Que vous cherchiez \u00e0 am\u00e9liorer vos comp\u00e9tences ou \u00e0 vivre des aventures sportives extraordinaires, notre lettre d&#8217;information est votre porte d&#8217;entr\u00e9e pour rester connect\u00e9 au pouls de C&#8217;mon Sports. Ne manquez rien &#8211; rejoignez notre communaut\u00e9 d\u00e8s aujourd&#8217;hui et suivez les exp\u00e9riences sportives les plus exaltantes qui soient !    <\/p><\/div><\/div><\/div><\/div><\/div><\/div><\/div><\/div><\/div><\/div><\/div><\/div><\/div>\t\t\t\t\t\t\t\t<\/div>\n\t\t\t\t<\/div>\n\t\t\t\t\t<\/div>\n\t\t<\/div>\n\t\t\t\t\t<\/div>\n\t\t<\/section>\n\t\t<div class=\"elementor-element elementor-element-fd884fb e-flex e-con-boxed e-con e-parent\" data-id=\"fd884fb\" data-element_type=\"container\" data-e-type=\"container\">\n\t\t\t\t\t<div class=\"e-con-inner\">\n\t\t\t\t<div class=\"elementor-element elementor-element-a9b9763 elementor-widget elementor-widget-wpforms\" data-id=\"a9b9763\" data-element_type=\"widget\" data-e-type=\"widget\" data-widget_type=\"wpforms.default\">\n\t\t\t\t\t\t<div class=\"elementor-widget-container\">\n\t\t\t\t\t<div class=\"wpforms-container \" id=\"wpforms-28981\"><form id=\"wpforms-form-28981\" class=\"wpforms-validate wpforms-form wpforms-ajax-form\" data-formid=\"28981\" method=\"post\" enctype=\"multipart\/form-data\" action=\"\/fr\/wp-json\/wp\/v2\/pages\/30514\" data-token=\"1bcaee34a4dffe26a3ec86d1edcc9e92\" data-token-time=\"1778618872\"><noscript class=\"wpforms-error-noscript\">Veuillez activer JavaScript dans votre navigateur pour remplir ce formulaire.<\/noscript><div class=\"wpforms-field-container\"><div id=\"wpforms-28981-field_1-container\" class=\"wpforms-field wpforms-field-name\" data-field-id=\"1\"><label class=\"wpforms-field-label\">Nom <span class=\"wpforms-required-label\">*<\/span><\/label><div class=\"wpforms-field-row wpforms-field-medium\"><div class=\"wpforms-field-row-block wpforms-first wpforms-one-half\"><input type=\"text\" id=\"wpforms-28981-field_1\" class=\"wpforms-field-name-first wpforms-field-required\" name=\"wpforms[fields][1][first]\" required><label for=\"wpforms-28981-field_1\" class=\"wpforms-field-sublabel after\">Premi\u00e8re<\/label><\/div><div class=\"wpforms-field-row-block wpforms-one-half\"><input type=\"text\" id=\"wpforms-28981-field_1-last\" class=\"wpforms-field-name-last wpforms-field-required\" name=\"wpforms[fields][1][last]\" required><label for=\"wpforms-28981-field_1-last\" class=\"wpforms-field-sublabel after\">Dernier<\/label><\/div><\/div><\/div><div id=\"wpforms-28981-field_2-container\" class=\"wpforms-field wpforms-field-email\" data-field-id=\"2\"><label class=\"wpforms-field-label\" for=\"wpforms-28981-field_2\">Courriel <span class=\"wpforms-required-label\">*<\/span><\/label><input type=\"email\" id=\"wpforms-28981-field_2\" class=\"wpforms-field-medium wpforms-field-required\" name=\"wpforms[fields][2]\" spellcheck=\"false\" required><\/div><div id=\"wpforms-28981-field_3-container\" class=\"wpforms-field wpforms-field-gdpr-checkbox\" data-field-id=\"3\"><label class=\"wpforms-field-label\">Accord GDPR <span class=\"wpforms-required-label\">*<\/span><\/label><ul id=\"wpforms-28981-field_3\" class=\"wpforms-field-required\"><li class=\"choice-1\"><input type=\"checkbox\" id=\"wpforms-28981-field_3_1\" name=\"wpforms[fields][3][]\" value=\"Je consens \u00e0 ce que ce site web stocke les informations que j&#039;ai fournies afin de pouvoir r\u00e9pondre \u00e0 ma demande.\" required ><label class=\"wpforms-field-label-inline\" for=\"wpforms-28981-field_3_1\">Je consens \u00e0 ce que ce site web stocke les informations que j'ai fournies afin de pouvoir r\u00e9pondre \u00e0 ma demande.<\/label><\/li><\/ul><\/div><\/div><!-- .wpforms-field-container --><div class=\"wpforms-recaptcha-container wpforms-is-recaptcha wpforms-is-recaptcha-type-v3\" ><input type=\"hidden\" name=\"wpforms[recaptcha]\" value=\"\"><\/div><div class=\"wpforms-submit-container\" ><input type=\"hidden\" name=\"wpforms[id]\" value=\"28981\"><input type=\"hidden\" name=\"page_title\" value=\"\"><input type=\"hidden\" name=\"page_url\" value=\"https:\/\/cmon-sports.com\/fr\/wp-json\/wp\/v2\/pages\/30514\"><input type=\"hidden\" name=\"url_referer\" value=\"\"><button type=\"submit\" name=\"wpforms[submit]\" id=\"wpforms-submit-28981\" class=\"wpforms-submit\" data-alt-text=\"Envoi...\" data-submit-text=\"Soumettre\" aria-live=\"assertive\" value=\"wpforms-submit\">Soumettre<\/button><img decoding=\"async\" src=\"https:\/\/cmon-sports.com\/wp-content\/plugins\/wpforms\/assets\/images\/submit-spin.svg\" class=\"wpforms-submit-spinner\" style=\"display: none;\" width=\"26\" height=\"26\" alt=\"Chargement en cours\"><\/div><\/form><\/div>  <!-- .wpforms-container -->\t\t\t\t<\/div>\n\t\t\t\t<\/div>\n\t\t\t\t\t<\/div>\n\t\t\t\t<\/div>\n\t\t\t\t<\/div>\n\t\t","protected":false},"excerpt":{"rendered":"<p>Bulletin d&#8217;information Gardez une longueur d&#8217;avance avec C&#8217;mon Sports ! Abonnez-vous \u00e0 notre lettre d&#8217;information pour recevoir les derni\u00e8res nouvelles, les mises \u00e0 jour et des informations exclusives sur nos exp\u00e9riences sportives uniques avec des athl\u00e8tes d&#8217;\u00e9lite. Soyez le premier \u00e0 conna\u00eetre les nouveaux \u00e9v\u00e9nements, les possibilit\u00e9s d&#8217;entra\u00eenement et les offres sp\u00e9ciales con\u00e7ues sp\u00e9cialement pour [&hellip;]<\/p>\n","protected":false},"author":1,"featured_media":30318,"parent":0,"menu_order":0,"comment_status":"closed","ping_status":"closed","template":"","meta":{"site-sidebar-layout":"no-sidebar","site-content-layout":"page-builder","ast-site-content-layout":"full-width-container","site-content-style":"unboxed","site-sidebar-style":"unboxed","ast-global-header-display":"","ast-banner-title-visibility":"","ast-main-header-display":"","ast-hfb-above-header-display":"","ast-hfb-below-header-display":"","ast-hfb-mobile-header-display":"","site-post-title":"disabled","ast-breadcrumbs-content":"","ast-featured-img":"disabled","footer-sml-layout":"","ast-disable-related-posts":"","theme-transparent-header-meta":"enabled","adv-header-id-meta":"","stick-header-meta":"","header-above-stick-meta":"","header-main-stick-meta":"","header-below-stick-meta":"","astra-migrate-meta-layouts":"default","ast-page-background-enabled":"default","ast-page-background-meta":{"desktop":{"background-color":"var(--ast-global-color-4)","background-image":"","background-repeat":"repeat","background-position":"center center","background-size":"auto","background-attachment":"scroll","background-type":"","background-media":"","overlay-type":"","overlay-color":"","overlay-opacity":"","overlay-gradient":""},"tablet":{"background-color":"","background-image":"","background-repeat":"repeat","background-position":"center center","background-size":"auto","background-attachment":"scroll","background-type":"","background-media":"","overlay-type":"","overlay-color":"","overlay-opacity":"","overlay-gradient":""},"mobile":{"background-color":"","background-image":"","background-repeat":"repeat","background-position":"center center","background-size":"auto","background-attachment":"scroll","background-type":"","background-media":"","overlay-type":"","overlay-color":"","overlay-opacity":"","overlay-gradient":""}},"ast-content-background-meta":{"desktop":{"background-color":"var(--ast-global-color-5)","background-image":"","background-repeat":"repeat","background-position":"center center","background-size":"auto","background-attachment":"scroll","background-type":"","background-media":"","overlay-type":"","overlay-color":"","overlay-opacity":"","overlay-gradient":""},"tablet":{"background-color":"var(--ast-global-color-5)","background-image":"","background-repeat":"repeat","background-position":"center center","background-size":"auto","background-attachment":"scroll","background-type":"","background-media":"","overlay-type":"","overlay-color":"","overlay-opacity":"","overlay-gradient":""},"mobile":{"background-color":"var(--ast-global-color-5)","background-image":"","background-repeat":"repeat","background-position":"center center","background-size":"auto","background-attachment":"scroll","background-type":"","background-media":"","overlay-type":"","overlay-color":"","overlay-opacity":"","overlay-gradient":""}},"footnotes":""},"class_list":["post-30514","page","type-page","status-publish","has-post-thumbnail","hentry"],"yoast_head":"<!-- This site is optimized with the Yoast SEO plugin v27.6 - https:\/\/yoast.com\/product\/yoast-seo-wordpress\/ -->\n<title>C&#039;mon Sports | Sport Business Agency - Bulletin d&#039;information<\/title>\n<meta name=\"description\" content=\"Abonnez-vous \u00e0 la lettre d&#039;information de C&#039;mon Sports pour obtenir des informations mensuelles sur la gestion de la relation client dans le domaine du sport, les donn\u00e9es sur les supporters, le retour sur investissement du sponsoring et l&#039;activation num\u00e9rique. Gratuit, pas de spam.\" \/>\n<meta name=\"robots\" content=\"index, follow, max-snippet:-1, max-image-preview:large, max-video-preview:-1\" \/>\n<link rel=\"canonical\" href=\"https:\/\/cmon-sports.com\/fr\/bulletin-dinformation\/\" \/>\n<meta property=\"og:locale\" content=\"fr_FR\" \/>\n<meta property=\"og:type\" content=\"article\" \/>\n<meta property=\"og:title\" content=\"C&#039;mon Sports | Sport Business Agency - Contactez-nous\" \/>\n<meta property=\"og:description\" content=\"B\u00e9n\u00e9ficiez d&#039;une expertise en mati\u00e8re d&#039;analyse des affaires sportives. Contactez-nous d\u00e8s aujourd&#039;hui pour obtenir des strat\u00e9gies bas\u00e9es sur les donn\u00e9es et des informations cruciales afin d&#039;am\u00e9liorer votre entreprise sportive.\" \/>\n<meta property=\"og:url\" content=\"https:\/\/cmon-sports.com\/fr\/bulletin-dinformation\/\" \/>\n<meta property=\"og:site_name\" content=\"C&#039;mon Sports | Sport Business Agency\" \/>\n<meta property=\"article:modified_time\" content=\"2026-05-11T11:57:43+00:00\" \/>\n<meta property=\"og:image\" content=\"https:\/\/cmon-sports.com\/wp-content\/uploads\/2024\/02\/407855404_122099739350139413_1584901893289549766_n-1024x576.jpg\" \/>\n<meta name=\"twitter:card\" content=\"summary_large_image\" \/>\n<meta name=\"twitter:title\" content=\"Contactez nous\" \/>\n<meta name=\"twitter:description\" content=\"B\u00e9n\u00e9ficiez d&#039;une expertise en mati\u00e8re d&#039;analyse des affaires sportives. Contactez-nous d\u00e8s aujourd&#039;hui pour obtenir des strat\u00e9gies bas\u00e9es sur les donn\u00e9es et des informations cruciales afin d&#039;am\u00e9liorer votre entreprise sportive.\" \/>\n<meta name=\"twitter:label1\" content=\"Dur\u00e9e de lecture estim\u00e9e\" \/>\n\t<meta name=\"twitter:data1\" content=\"1 minute\" \/>\n<script type=\"application\/ld+json\" class=\"yoast-schema-graph\">{\"@context\":\"https:\\\/\\\/schema.org\",\"@graph\":[{\"@type\":\"WebPage\",\"@id\":\"https:\\\/\\\/cmon-sports.com\\\/fr\\\/bulletin-dinformation\\\/\",\"url\":\"https:\\\/\\\/cmon-sports.com\\\/fr\\\/bulletin-dinformation\\\/\",\"name\":\"C&#039;mon Sports | Sport Business Agency - Bulletin d'information\",\"isPartOf\":{\"@id\":\"https:\\\/\\\/cmon-sports.com\\\/#website\"},\"primaryImageOfPage\":{\"@id\":\"https:\\\/\\\/cmon-sports.com\\\/fr\\\/bulletin-dinformation\\\/#primaryimage\"},\"image\":{\"@id\":\"https:\\\/\\\/cmon-sports.com\\\/fr\\\/bulletin-dinformation\\\/#primaryimage\"},\"thumbnailUrl\":\"https:\\\/\\\/cmon-sports.com\\\/wp-content\\\/uploads\\\/2024\\\/02\\\/407855404_122099739350139413_1584901893289549766_n.jpg\",\"datePublished\":\"2024-04-07T09:28:04+00:00\",\"dateModified\":\"2026-05-11T11:57:43+00:00\",\"description\":\"Abonnez-vous \u00e0 la lettre d'information de C'mon Sports pour obtenir des informations mensuelles sur la gestion de la relation client dans le domaine du sport, les donn\u00e9es sur les supporters, le retour sur investissement du sponsoring et l'activation num\u00e9rique. Gratuit, pas de spam.\",\"breadcrumb\":{\"@id\":\"https:\\\/\\\/cmon-sports.com\\\/fr\\\/bulletin-dinformation\\\/#breadcrumb\"},\"inLanguage\":\"fr-FR\",\"potentialAction\":[{\"@type\":\"ReadAction\",\"target\":[\"https:\\\/\\\/cmon-sports.com\\\/fr\\\/bulletin-dinformation\\\/\"]}]},{\"@type\":\"ImageObject\",\"inLanguage\":\"fr-FR\",\"@id\":\"https:\\\/\\\/cmon-sports.com\\\/fr\\\/bulletin-dinformation\\\/#primaryimage\",\"url\":\"https:\\\/\\\/cmon-sports.com\\\/wp-content\\\/uploads\\\/2024\\\/02\\\/407855404_122099739350139413_1584901893289549766_n.jpg\",\"contentUrl\":\"https:\\\/\\\/cmon-sports.com\\\/wp-content\\\/uploads\\\/2024\\\/02\\\/407855404_122099739350139413_1584901893289549766_n.jpg\",\"width\":2048,\"height\":1152},{\"@type\":\"BreadcrumbList\",\"@id\":\"https:\\\/\\\/cmon-sports.com\\\/fr\\\/bulletin-dinformation\\\/#breadcrumb\",\"itemListElement\":[{\"@type\":\"ListItem\",\"position\":1,\"name\":\"Home\",\"item\":\"https:\\\/\\\/cmon-sports.com\\\/\"},{\"@type\":\"ListItem\",\"position\":2,\"name\":\"Bulletin d&#8217;information\"}]},{\"@type\":\"WebSite\",\"@id\":\"https:\\\/\\\/cmon-sports.com\\\/#website\",\"url\":\"https:\\\/\\\/cmon-sports.com\\\/\",\"name\":\"C&#039;mon Sports | Sport Business Agency\",\"description\":\"It&#039;s not only about data, it&#039;s about the stories it tells\",\"publisher\":{\"@id\":\"https:\\\/\\\/cmon-sports.com\\\/#organization\"},\"potentialAction\":[{\"@type\":\"SearchAction\",\"target\":{\"@type\":\"EntryPoint\",\"urlTemplate\":\"https:\\\/\\\/cmon-sports.com\\\/?s={search_term_string}\"},\"query-input\":{\"@type\":\"PropertyValueSpecification\",\"valueRequired\":true,\"valueName\":\"search_term_string\"}}],\"inLanguage\":\"fr-FR\"},{\"@type\":\"Organization\",\"@id\":\"https:\\\/\\\/cmon-sports.com\\\/#organization\",\"name\":\"C&#039;mon Sports | Sport Business Agency\",\"url\":\"https:\\\/\\\/cmon-sports.com\\\/\",\"logo\":{\"@type\":\"ImageObject\",\"inLanguage\":\"fr-FR\",\"@id\":\"https:\\\/\\\/cmon-sports.com\\\/#\\\/schema\\\/logo\\\/image\\\/\",\"url\":\"https:\\\/\\\/cmon-sports.com\\\/wp-content\\\/uploads\\\/2025\\\/12\\\/logo_PRINCIPAL-white-scaled-e1767086426934.png\",\"contentUrl\":\"https:\\\/\\\/cmon-sports.com\\\/wp-content\\\/uploads\\\/2025\\\/12\\\/logo_PRINCIPAL-white-scaled-e1767086426934.png\",\"width\":1250,\"height\":1550,\"caption\":\"C&#039;mon Sports | Sport Business Agency\"},\"image\":{\"@id\":\"https:\\\/\\\/cmon-sports.com\\\/#\\\/schema\\\/logo\\\/image\\\/\"}}]}<\/script>\n<!-- \/ Yoast SEO plugin. -->","yoast_head_json":{"title":"C&#039;mon Sports | Sport Business Agency - Bulletin d'information","description":"Abonnez-vous \u00e0 la lettre d'information de C'mon Sports pour obtenir des informations mensuelles sur la gestion de la relation client dans le domaine du sport, les donn\u00e9es sur les supporters, le retour sur investissement du sponsoring et l'activation num\u00e9rique. Gratuit, pas de spam.","robots":{"index":"index","follow":"follow","max-snippet":"max-snippet:-1","max-image-preview":"max-image-preview:large","max-video-preview":"max-video-preview:-1"},"canonical":"https:\/\/cmon-sports.com\/fr\/bulletin-dinformation\/","og_locale":"fr_FR","og_type":"article","og_title":"C'mon Sports | Sport Business Agency - Contactez-nous","og_description":"B\u00e9n\u00e9ficiez d'une expertise en mati\u00e8re d'analyse des affaires sportives. Contactez-nous d\u00e8s aujourd'hui pour obtenir des strat\u00e9gies bas\u00e9es sur les donn\u00e9es et des informations cruciales afin d'am\u00e9liorer votre entreprise sportive.","og_url":"https:\/\/cmon-sports.com\/fr\/bulletin-dinformation\/","og_site_name":"C&#039;mon Sports | Sport Business Agency","article_modified_time":"2026-05-11T11:57:43+00:00","og_image":[{"url":"https:\/\/cmon-sports.com\/wp-content\/uploads\/2024\/02\/407855404_122099739350139413_1584901893289549766_n-1024x576.jpg","type":"","width":"","height":""}],"twitter_card":"summary_large_image","twitter_title":"Contactez nous","twitter_description":"B\u00e9n\u00e9ficiez d'une expertise en mati\u00e8re d'analyse des affaires sportives. Contactez-nous d\u00e8s aujourd'hui pour obtenir des strat\u00e9gies bas\u00e9es sur les donn\u00e9es et des informations cruciales afin d'am\u00e9liorer votre entreprise sportive.","twitter_misc":{"Dur\u00e9e de lecture estim\u00e9e":"1 minute"},"schema":{"@context":"https:\/\/schema.org","@graph":[{"@type":"WebPage","@id":"https:\/\/cmon-sports.com\/fr\/bulletin-dinformation\/","url":"https:\/\/cmon-sports.com\/fr\/bulletin-dinformation\/","name":"C&#039;mon Sports | Sport Business Agency - Bulletin d'information","isPartOf":{"@id":"https:\/\/cmon-sports.com\/#website"},"primaryImageOfPage":{"@id":"https:\/\/cmon-sports.com\/fr\/bulletin-dinformation\/#primaryimage"},"image":{"@id":"https:\/\/cmon-sports.com\/fr\/bulletin-dinformation\/#primaryimage"},"thumbnailUrl":"https:\/\/cmon-sports.com\/wp-content\/uploads\/2024\/02\/407855404_122099739350139413_1584901893289549766_n.jpg","datePublished":"2024-04-07T09:28:04+00:00","dateModified":"2026-05-11T11:57:43+00:00","description":"Abonnez-vous \u00e0 la lettre d'information de C'mon Sports pour obtenir des informations mensuelles sur la gestion de la relation client dans le domaine du sport, les donn\u00e9es sur les supporters, le retour sur investissement du sponsoring et l'activation num\u00e9rique. Gratuit, pas de spam.","breadcrumb":{"@id":"https:\/\/cmon-sports.com\/fr\/bulletin-dinformation\/#breadcrumb"},"inLanguage":"fr-FR","potentialAction":[{"@type":"ReadAction","target":["https:\/\/cmon-sports.com\/fr\/bulletin-dinformation\/"]}]},{"@type":"ImageObject","inLanguage":"fr-FR","@id":"https:\/\/cmon-sports.com\/fr\/bulletin-dinformation\/#primaryimage","url":"https:\/\/cmon-sports.com\/wp-content\/uploads\/2024\/02\/407855404_122099739350139413_1584901893289549766_n.jpg","contentUrl":"https:\/\/cmon-sports.com\/wp-content\/uploads\/2024\/02\/407855404_122099739350139413_1584901893289549766_n.jpg","width":2048,"height":1152},{"@type":"BreadcrumbList","@id":"https:\/\/cmon-sports.com\/fr\/bulletin-dinformation\/#breadcrumb","itemListElement":[{"@type":"ListItem","position":1,"name":"Home","item":"https:\/\/cmon-sports.com\/"},{"@type":"ListItem","position":2,"name":"Bulletin d&#8217;information"}]},{"@type":"WebSite","@id":"https:\/\/cmon-sports.com\/#website","url":"https:\/\/cmon-sports.com\/","name":"C&#039;mon Sports | Sport Business Agency","description":"It&#039;s not only about data, it&#039;s about the stories it tells","publisher":{"@id":"https:\/\/cmon-sports.com\/#organization"},"potentialAction":[{"@type":"SearchAction","target":{"@type":"EntryPoint","urlTemplate":"https:\/\/cmon-sports.com\/?s={search_term_string}"},"query-input":{"@type":"PropertyValueSpecification","valueRequired":true,"valueName":"search_term_string"}}],"inLanguage":"fr-FR"},{"@type":"Organization","@id":"https:\/\/cmon-sports.com\/#organization","name":"C&#039;mon Sports | Sport Business Agency","url":"https:\/\/cmon-sports.com\/","logo":{"@type":"ImageObject","inLanguage":"fr-FR","@id":"https:\/\/cmon-sports.com\/#\/schema\/logo\/image\/","url":"https:\/\/cmon-sports.com\/wp-content\/uploads\/2025\/12\/logo_PRINCIPAL-white-scaled-e1767086426934.png","contentUrl":"https:\/\/cmon-sports.com\/wp-content\/uploads\/2025\/12\/logo_PRINCIPAL-white-scaled-e1767086426934.png","width":1250,"height":1550,"caption":"C&#039;mon Sports | Sport Business Agency"},"image":{"@id":"https:\/\/cmon-sports.com\/#\/schema\/logo\/image\/"}}]}},"_links":{"self":[{"href":"https:\/\/cmon-sports.com\/fr\/wp-json\/wp\/v2\/pages\/30514","targetHints":{"allow":["GET"]}}],"collection":[{"href":"https:\/\/cmon-sports.com\/fr\/wp-json\/wp\/v2\/pages"}],"about":[{"href":"https:\/\/cmon-sports.com\/fr\/wp-json\/wp\/v2\/types\/page"}],"author":[{"embeddable":true,"href":"https:\/\/cmon-sports.com\/fr\/wp-json\/wp\/v2\/users\/1"}],"replies":[{"embeddable":true,"href":"https:\/\/cmon-sports.com\/fr\/wp-json\/wp\/v2\/comments?post=30514"}],"version-history":[{"count":4,"href":"https:\/\/cmon-sports.com\/fr\/wp-json\/wp\/v2\/pages\/30514\/revisions"}],"predecessor-version":[{"id":34226,"href":"https:\/\/cmon-sports.com\/fr\/wp-json\/wp\/v2\/pages\/30514\/revisions\/34226"}],"wp:featuredmedia":[{"embeddable":true,"href":"https:\/\/cmon-sports.com\/fr\/wp-json\/wp\/v2\/media\/30318"}],"wp:attachment":[{"href":"https:\/\/cmon-sports.com\/fr\/wp-json\/wp\/v2\/media?parent=30514"}],"curies":[{"name":"wp","href":"https:\/\/api.w.org\/{rel}","templated":true}]}}