{"id":33375,"date":"2026-03-31T21:19:23","date_gmt":"2026-03-31T19:19:23","guid":{"rendered":"https:\/\/cmon-sports.com\/?page_id=33375"},"modified":"2026-04-06T11:58:45","modified_gmt":"2026-04-06T09:58:45","slug":"fallstudie-hcc-adventskalender-2025","status":"publish","type":"page","link":"https:\/\/cmon-sports.com\/de\/fallstudie-hcc-adventskalender-2025\/","title":{"rendered":"Fallstudie HCC &#8211; Geb\u00fcndelter Kartenverkauf f\u00fcr Spiele im Januar"},"content":{"rendered":"\t\t<div data-elementor-type=\"wp-page\" data-elementor-id=\"33375\" class=\"elementor elementor-33375 elementor-33374\">\n\t\t\t\t\t\t<section class=\"elementor-section elementor-top-section elementor-element elementor-element-0e487e0 elementor-section-full_width elementor-section-height-default elementor-section-height-default\" data-id=\"0e487e0\" data-element_type=\"section\" data-e-type=\"section\" data-settings=\"{&quot;background_background&quot;:&quot;classic&quot;}\">\n\t\t\t\t\t\t\t<div class=\"elementor-background-overlay\"><\/div>\n\t\t\t\t\t\t\t<div class=\"elementor-container elementor-column-gap-no\">\n\t\t\t\t\t<div class=\"elementor-column elementor-col-100 elementor-top-column elementor-element elementor-element-1d5d1eb\" data-id=\"1d5d1eb\" data-element_type=\"column\" data-e-type=\"column\" data-settings=\"{&quot;background_background&quot;:&quot;classic&quot;}\">\n\t\t\t<div class=\"elementor-widget-wrap elementor-element-populated\">\n\t\t\t\t\t<div class=\"elementor-background-overlay\"><\/div>\n\t\t\t\t\t\t<div class=\"elementor-element elementor-element-f07701c elementor-widget-divider--view-line elementor-widget elementor-widget-divider\" data-id=\"f07701c\" data-element_type=\"widget\" data-e-type=\"widget\" data-widget_type=\"divider.default\">\n\t\t\t\t\t\t<div class=\"elementor-widget-container\">\n\t\t\t\t\t\t\t<div class=\"elementor-divider\">\n\t\t\t<span class=\"elementor-divider-separator\">\n\t\t\t\t\t\t<\/span>\n\t\t<\/div>\n\t\t\t\t\t\t<\/div>\n\t\t\t\t<\/div>\n\t\t\t\t<div class=\"elementor-element elementor-element-6840810 elementor-widget elementor-widget-heading\" data-id=\"6840810\" data-element_type=\"widget\" data-e-type=\"widget\" data-widget_type=\"heading.default\">\n\t\t\t\t\t\t<div class=\"elementor-widget-container\">\n\t\t\t\t\t<h1 class=\"elementor-heading-title elementor-size-default\">Laden Sie unsere Fallstudie \u00fcber den HC La Chaux-de-Fonds herunter<\/h1>\t\t\t\t<\/div>\n\t\t\t\t<\/div>\n\t\t\t\t<div class=\"elementor-element elementor-element-403aefb elementor-widget elementor-widget-text-editor\" data-id=\"403aefb\" data-element_type=\"widget\" data-e-type=\"widget\" data-widget_type=\"text-editor.default\">\n\t\t\t\t\t\t<div class=\"elementor-widget-container\">\n\t\t\t\t\t\t\t\t\t<p>Wenn Sie wissen m\u00f6chten, wie wir den Hockey Club La Chaux-de-Fonds dabei unterst\u00fctzt haben, den Verkauf von geb\u00fcndelten Eintrittskarten f\u00fcr die Spiele im Januar zu steigern, Dauerkarteninhaber zu belohnen und zu aktivieren und gleichzeitig strukturierte Verhaltensdaten zu erfassen und die saisonale Aktivierung als wiederholbaren kommerziellen Hebel zu validieren, laden Sie die Fallstudie unten herunter.  <\/p>\t\t\t\t\t\t\t\t<\/div>\n\t\t\t\t<\/div>\n\t\t\t\t\t<\/div>\n\t\t<\/div>\n\t\t\t\t\t<\/div>\n\t\t<\/section>\n\t\t<div class=\"elementor-element elementor-element-26e464f e-flex e-con-boxed e-con e-parent\" data-id=\"26e464f\" data-element_type=\"container\" data-e-type=\"container\">\n\t\t\t\t\t<div class=\"e-con-inner\">\n\t\t\t\t<div class=\"elementor-element elementor-element-43ea280 elementor-widget elementor-widget-wpforms\" data-id=\"43ea280\" data-element_type=\"widget\" data-e-type=\"widget\" data-widget_type=\"wpforms.default\">\n\t\t\t\t\t\t<div class=\"elementor-widget-container\">\n\t\t\t\t\t<div class=\"wpforms-container \" id=\"wpforms-33383\"><form id=\"wpforms-form-33383\" class=\"wpforms-validate wpforms-form wpforms-ajax-form\" data-formid=\"33383\" method=\"post\" enctype=\"multipart\/form-data\" action=\"\/de\/wp-json\/wp\/v2\/pages\/33375\" data-token=\"7a14ae39ae4f14be8d612706e383fcf5\" data-token-time=\"1777106755\"><noscript class=\"wpforms-error-noscript\">Bitte aktiviere JavaScript in deinem Browser, um dieses Formular fertigzustellen.<\/noscript><div class=\"wpforms-field-container\"><div id=\"wpforms-33383-field_6-container\" class=\"wpforms-field wpforms-field-name\" data-field-id=\"6\"><label class=\"wpforms-field-label\">Name <span class=\"wpforms-required-label\">*<\/span><\/label><div class=\"wpforms-field-row wpforms-field-medium\"><div class=\"wpforms-field-row-block wpforms-first wpforms-one-half\"><input type=\"text\" id=\"wpforms-33383-field_6\" class=\"wpforms-field-name-first wpforms-field-required\" name=\"wpforms[fields][6][first]\" required><label for=\"wpforms-33383-field_6\" class=\"wpforms-field-sublabel after\">Erste<\/label><\/div><div class=\"wpforms-field-row-block wpforms-one-half\"><input type=\"text\" id=\"wpforms-33383-field_6-last\" class=\"wpforms-field-name-last wpforms-field-required\" name=\"wpforms[fields][6][last]\" required><label for=\"wpforms-33383-field_6-last\" class=\"wpforms-field-sublabel after\">Letzte<\/label><\/div><\/div><\/div><div id=\"wpforms-33383-field_1-container\" class=\"wpforms-field wpforms-field-email\" data-field-id=\"1\"><label class=\"wpforms-field-label\" for=\"wpforms-33383-field_1\">E-Mail <span class=\"wpforms-required-label\">*<\/span><\/label><input type=\"email\" id=\"wpforms-33383-field_1\" class=\"wpforms-field-medium wpforms-field-required\" name=\"wpforms[fields][1]\" spellcheck=\"false\" required><\/div><div id=\"wpforms-33383-field_13-container\" class=\"wpforms-field wpforms-field-phone\" data-field-id=\"13\"><label class=\"wpforms-field-label\" for=\"wpforms-33383-field_13\">Telefon <span class=\"wpforms-required-label\">*<\/span><\/label><input type=\"tel\" id=\"wpforms-33383-field_13\" class=\"wpforms-field-medium wpforms-field-required wpforms-smart-phone-field\" data-rule-smart-phone-field=\"true\" name=\"wpforms[fields][13]\" aria-label=\"Telefon\" required><\/div><div id=\"wpforms-33383-field_7-container\" class=\"wpforms-field wpforms-field-text\" data-field-id=\"7\"><label class=\"wpforms-field-label\" for=\"wpforms-33383-field_7\">Wie lautet der Name Ihrer Organisation? <span class=\"wpforms-required-label\">*<\/span><\/label><input type=\"text\" id=\"wpforms-33383-field_7\" class=\"wpforms-field-medium wpforms-field-required\" name=\"wpforms[fields][7]\" required><\/div><div id=\"wpforms-33383-field_9-container\" class=\"wpforms-field wpforms-field-checkbox\" data-field-id=\"9\"><label class=\"wpforms-field-label\">Was beschreibt Ihre Rolle in der Organisation am besten? <span class=\"wpforms-required-label\">*<\/span><\/label><ul id=\"wpforms-33383-field_9\" class=\"wpforms-field-required\"><li class=\"choice-1 depth-1\"><input type=\"checkbox\" id=\"wpforms-33383-field_9_1\" name=\"wpforms[fields][9][]\" value=\"Exekutive\" required ><label class=\"wpforms-field-label-inline\" for=\"wpforms-33383-field_9_1\">Exekutive<\/label><\/li><li class=\"choice-2 depth-1\"><input type=\"checkbox\" id=\"wpforms-33383-field_9_2\" name=\"wpforms[fields][9][]\" value=\"Manager\" required ><label class=\"wpforms-field-label-inline\" for=\"wpforms-33383-field_9_2\">Manager<\/label><\/li><li class=\"choice-3 depth-1\"><input type=\"checkbox\" id=\"wpforms-33383-field_9_3\" name=\"wpforms[fields][9][]\" value=\"Analyst\" required ><label class=\"wpforms-field-label-inline\" for=\"wpforms-33383-field_9_3\">Analyst<\/label><\/li><li class=\"choice-4 depth-1\"><input type=\"checkbox\" id=\"wpforms-33383-field_9_4\" name=\"wpforms[fields][9][]\" value=\"Andere\" required ><label class=\"wpforms-field-label-inline\" for=\"wpforms-33383-field_9_4\">Andere<\/label><\/li><\/ul><\/div><div id=\"wpforms-33383-field_10-container\" class=\"wpforms-field wpforms-field-text\" data-field-id=\"10\"><label class=\"wpforms-field-label\" for=\"wpforms-33383-field_10\">Auf welche Sportart(en) hat sich Ihre Organisation spezialisiert? <span class=\"wpforms-required-label\">*<\/span><\/label><input type=\"text\" id=\"wpforms-33383-field_10\" class=\"wpforms-field-medium wpforms-field-required\" name=\"wpforms[fields][10]\" required><\/div><div id=\"wpforms-33383-field_11-container\" class=\"wpforms-field wpforms-field-textarea\" data-field-id=\"11\"><label class=\"wpforms-field-label\" for=\"wpforms-33383-field_11\">Was sind Ihre gr\u00f6\u00dften datenbezogenen Herausforderungen?<\/label><textarea id=\"wpforms-33383-field_11\" class=\"wpforms-field-medium\" name=\"wpforms[fields][11]\" ><\/textarea><\/div><div id=\"wpforms-33383-field_3-container\" class=\"wpforms-field wpforms-field-select wpforms-field-select-style-classic\" data-field-id=\"3\"><label class=\"wpforms-field-label\" for=\"wpforms-33383-field_3\">Wo haben Sie von uns geh\u00f6rt? <span class=\"wpforms-required-label\">*<\/span><\/label><select id=\"wpforms-33383-field_3\" class=\"wpforms-field-medium wpforms-field-required\" name=\"wpforms[fields][3]\" required=\"required\"><option value=\"Soziale Medien\"  class=\"choice-1 depth-1\"  >Soziale Medien<\/option><option value=\"Suchmaschine\"  class=\"choice-2 depth-1\"  >Suchmaschine<\/option><option value=\"Referal\"  class=\"choice-3 depth-1\"  >Referal<\/option><option value=\"Konferenz\/Veranstaltung\"  class=\"choice-4 depth-1\"  >Konferenz\/Veranstaltung<\/option><option value=\"Andere\"  class=\"choice-5 depth-1\"  >Andere<\/option><\/select><\/div><div id=\"wpforms-33383-field_5-container\" class=\"wpforms-field wpforms-field-checkbox\" data-field-id=\"5\"><label class=\"wpforms-field-label wpforms-label-hide\">Zustimmung zu Marketing-E-Mails <span class=\"wpforms-required-label\">*<\/span><\/label><ul id=\"wpforms-33383-field_5\" class=\"wpforms-field-required\"><li class=\"choice-1 depth-1\"><input type=\"checkbox\" id=\"wpforms-33383-field_5_1\" name=\"wpforms[fields][5][]\" value=\"Bitte klicken Sie hier, um sich in unsere E-Mail-Liste einzutragen.\" required ><label class=\"wpforms-field-label-inline\" for=\"wpforms-33383-field_5_1\">Bitte klicken Sie hier, um sich in unsere E-Mail-Liste einzutragen.<\/label><\/li><\/ul><\/div><\/div><!-- .wpforms-field-container --><div class=\"wpforms-recaptcha-container wpforms-is-recaptcha wpforms-is-recaptcha-type-v3\" ><input type=\"hidden\" name=\"wpforms[recaptcha]\" value=\"\"><\/div><div class=\"wpforms-submit-container\" ><input type=\"hidden\" name=\"wpforms[id]\" value=\"33383\"><input type=\"hidden\" name=\"page_title\" value=\"\"><input type=\"hidden\" name=\"page_url\" value=\"https:\/\/cmon-sports.com\/de\/wp-json\/wp\/v2\/pages\/33375\"><input type=\"hidden\" name=\"url_referer\" value=\"\"><button type=\"submit\" name=\"wpforms[submit]\" id=\"wpforms-submit-33383\" class=\"wpforms-submit\" data-alt-text=\"Senden Sie...\" data-submit-text=\"Einreichen\" aria-live=\"assertive\" value=\"wpforms-submit\">Einreichen<\/button><img decoding=\"async\" src=\"https:\/\/cmon-sports.com\/wp-content\/plugins\/wpforms\/assets\/images\/submit-spin.svg\" class=\"wpforms-submit-spinner\" style=\"display: none;\" width=\"26\" height=\"26\" alt=\"Wird geladen\"><\/div><\/form><\/div>  <!-- .wpforms-container -->\t\t\t\t<\/div>\n\t\t\t\t<\/div>\n\t\t\t\t\t<\/div>\n\t\t\t\t<\/div>\n\t\t\t\t<\/div>\n\t\t","protected":false},"excerpt":{"rendered":"<p>Laden Sie unsere Fallstudie \u00fcber den HC La Chaux-de-Fonds herunter Wenn Sie wissen m\u00f6chten, wie wir den Hockey Club La Chaux-de-Fonds dabei unterst\u00fctzt haben, den Verkauf von geb\u00fcndelten Eintrittskarten f\u00fcr die Spiele im Januar zu steigern, Dauerkarteninhaber zu belohnen und zu aktivieren und gleichzeitig strukturierte Verhaltensdaten zu erfassen und die saisonale Aktivierung als wiederholbaren kommerziellen [&hellip;]<\/p>\n","protected":false},"author":1,"featured_media":33381,"parent":0,"menu_order":0,"comment_status":"closed","ping_status":"closed","template":"","meta":{"site-sidebar-layout":"no-sidebar","site-content-layout":"page-builder","ast-site-content-layout":"full-width-container","site-content-style":"unboxed","site-sidebar-style":"unboxed","ast-global-header-display":"","ast-banner-title-visibility":"","ast-main-header-display":"","ast-hfb-above-header-display":"","ast-hfb-below-header-display":"","ast-hfb-mobile-header-display":"","site-post-title":"disabled","ast-breadcrumbs-content":"","ast-featured-img":"disabled","footer-sml-layout":"","ast-disable-related-posts":"","theme-transparent-header-meta":"enabled","adv-header-id-meta":"","stick-header-meta":"","header-above-stick-meta":"","header-main-stick-meta":"","header-below-stick-meta":"","astra-migrate-meta-layouts":"default","ast-page-background-enabled":"default","ast-page-background-meta":{"desktop":{"background-color":"var(--ast-global-color-4)","background-image":"","background-repeat":"repeat","background-position":"center center","background-size":"auto","background-attachment":"scroll","background-type":"","background-media":"","overlay-type":"","overlay-color":"","overlay-opacity":"","overlay-gradient":""},"tablet":{"background-color":"","background-image":"","background-repeat":"repeat","background-position":"center center","background-size":"auto","background-attachment":"scroll","background-type":"","background-media":"","overlay-type":"","overlay-color":"","overlay-opacity":"","overlay-gradient":""},"mobile":{"background-color":"","background-image":"","background-repeat":"repeat","background-position":"center center","background-size":"auto","background-attachment":"scroll","background-type":"","background-media":"","overlay-type":"","overlay-color":"","overlay-opacity":"","overlay-gradient":""}},"ast-content-background-meta":{"desktop":{"background-color":"var(--ast-global-color-5)","background-image":"","background-repeat":"repeat","background-position":"center center","background-size":"auto","background-attachment":"scroll","background-type":"","background-media":"","overlay-type":"","overlay-color":"","overlay-opacity":"","overlay-gradient":""},"tablet":{"background-color":"var(--ast-global-color-5)","background-image":"","background-repeat":"repeat","background-position":"center center","background-size":"auto","background-attachment":"scroll","background-type":"","background-media":"","overlay-type":"","overlay-color":"","overlay-opacity":"","overlay-gradient":""},"mobile":{"background-color":"var(--ast-global-color-5)","background-image":"","background-repeat":"repeat","background-position":"center center","background-size":"auto","background-attachment":"scroll","background-type":"","background-media":"","overlay-type":"","overlay-color":"","overlay-opacity":"","overlay-gradient":""}},"footnotes":""},"class_list":["post-33375","page","type-page","status-publish","has-post-thumbnail","hentry"],"yoast_head":"<!-- This site is optimized with the Yoast SEO plugin v27.4 - https:\/\/yoast.com\/product\/yoast-seo-wordpress\/ -->\n<title>C&#039;mon Sports | Sport Business Agency - Fallstudie HCC - Geb\u00fcndelter Kartenverkauf f\u00fcr Spiele im Januar<\/title>\n<meta name=\"description\" content=\"Entdecken Sie, wie der HC La Chaux-de-Fonds den Verkauf von geb\u00fcndelten Eintrittskarten f\u00fcr die Spiele im Januar gesteigert und Dauerkarteninhaber belohnt und aktiviert hat.\" \/>\n<meta name=\"robots\" content=\"index, follow, max-snippet:-1, max-image-preview:large, max-video-preview:-1\" \/>\n<link rel=\"canonical\" href=\"https:\/\/cmon-sports.com\/de\/fallstudie-hcc-adventskalender-2025\/\" \/>\n<meta property=\"og:locale\" content=\"de_DE\" \/>\n<meta property=\"og:type\" content=\"article\" \/>\n<meta property=\"og:title\" content=\"C&#039;mon Sports | Sport Business Agency - Fallstudie HCC - Geb\u00fcndelter Kartenverkauf f\u00fcr Spiele im Januar\" \/>\n<meta property=\"og:description\" content=\"Entdecken Sie, wie der HC La Chaux-de-Fonds den Verkauf von geb\u00fcndelten Eintrittskarten f\u00fcr die Spiele im Januar gesteigert und Dauerkarteninhaber belohnt und aktiviert hat.\" \/>\n<meta property=\"og:url\" content=\"https:\/\/cmon-sports.com\/de\/fallstudie-hcc-adventskalender-2025\/\" \/>\n<meta property=\"og:site_name\" content=\"C&#039;mon Sports | Sport Business Agency\" \/>\n<meta property=\"article:modified_time\" content=\"2026-04-06T09:58:45+00:00\" \/>\n<meta property=\"og:image\" content=\"https:\/\/cmon-sports.com\/wp-content\/uploads\/2024\/08\/Message-1-1-1024x576.png\" \/>\n<meta name=\"twitter:card\" content=\"summary_large_image\" \/>\n<meta name=\"twitter:title\" content=\"Kontaktieren Sie uns\" \/>\n<meta name=\"twitter:description\" content=\"Nutzen Sie unser Fachwissen in der Sportgesch\u00e4ftsanalyse. Wenden Sie sich noch heute an uns, um datengest\u00fctzte Strategien und entscheidende Erkenntnisse zu erhalten, die Ihr Sportunternehmen voranbringen.\" \/>\n<meta name=\"twitter:label1\" content=\"Gesch\u00e4tzte Lesezeit\" \/>\n\t<meta name=\"twitter:data1\" content=\"1\u00a0Minute\" \/>\n<script type=\"application\/ld+json\" class=\"yoast-schema-graph\">{\"@context\":\"https:\\\/\\\/schema.org\",\"@graph\":[{\"@type\":\"WebPage\",\"@id\":\"https:\\\/\\\/cmon-sports.com\\\/de\\\/fallstudie-hcc-adventskalender-2025\\\/\",\"url\":\"https:\\\/\\\/cmon-sports.com\\\/de\\\/fallstudie-hcc-adventskalender-2025\\\/\",\"name\":\"C&#039;mon Sports | Sport Business Agency - Fallstudie HCC - Geb\u00fcndelter Kartenverkauf f\u00fcr Spiele im Januar\",\"isPartOf\":{\"@id\":\"https:\\\/\\\/cmon-sports.com\\\/#website\"},\"primaryImageOfPage\":{\"@id\":\"https:\\\/\\\/cmon-sports.com\\\/de\\\/fallstudie-hcc-adventskalender-2025\\\/#primaryimage\"},\"image\":{\"@id\":\"https:\\\/\\\/cmon-sports.com\\\/de\\\/fallstudie-hcc-adventskalender-2025\\\/#primaryimage\"},\"thumbnailUrl\":\"https:\\\/\\\/cmon-sports.com\\\/wp-content\\\/uploads\\\/2026\\\/03\\\/Message-1-3.png\",\"datePublished\":\"2026-03-31T19:19:23+00:00\",\"dateModified\":\"2026-04-06T09:58:45+00:00\",\"description\":\"Entdecken Sie, wie der HC La Chaux-de-Fonds den Verkauf von geb\u00fcndelten Eintrittskarten f\u00fcr die Spiele im Januar gesteigert und Dauerkarteninhaber belohnt und aktiviert hat.\",\"breadcrumb\":{\"@id\":\"https:\\\/\\\/cmon-sports.com\\\/de\\\/fallstudie-hcc-adventskalender-2025\\\/#breadcrumb\"},\"inLanguage\":\"de\",\"potentialAction\":[{\"@type\":\"ReadAction\",\"target\":[\"https:\\\/\\\/cmon-sports.com\\\/de\\\/fallstudie-hcc-adventskalender-2025\\\/\"]}]},{\"@type\":\"ImageObject\",\"inLanguage\":\"de\",\"@id\":\"https:\\\/\\\/cmon-sports.com\\\/de\\\/fallstudie-hcc-adventskalender-2025\\\/#primaryimage\",\"url\":\"https:\\\/\\\/cmon-sports.com\\\/wp-content\\\/uploads\\\/2026\\\/03\\\/Message-1-3.png\",\"contentUrl\":\"https:\\\/\\\/cmon-sports.com\\\/wp-content\\\/uploads\\\/2026\\\/03\\\/Message-1-3.png\",\"width\":2240,\"height\":1260},{\"@type\":\"BreadcrumbList\",\"@id\":\"https:\\\/\\\/cmon-sports.com\\\/de\\\/fallstudie-hcc-adventskalender-2025\\\/#breadcrumb\",\"itemListElement\":[{\"@type\":\"ListItem\",\"position\":1,\"name\":\"Home\",\"item\":\"https:\\\/\\\/cmon-sports.com\\\/de\\\/startseite\\\/\"},{\"@type\":\"ListItem\",\"position\":2,\"name\":\"Fallstudie HCC &#8211; Geb\u00fcndelter Kartenverkauf f\u00fcr Spiele im Januar\"}]},{\"@type\":\"WebSite\",\"@id\":\"https:\\\/\\\/cmon-sports.com\\\/#website\",\"url\":\"https:\\\/\\\/cmon-sports.com\\\/\",\"name\":\"C&#039;mon Sports | Sport Business Agency\",\"description\":\"It&#039;s not only about data, it&#039;s about the stories it tells\",\"publisher\":{\"@id\":\"https:\\\/\\\/cmon-sports.com\\\/#organization\"},\"potentialAction\":[{\"@type\":\"SearchAction\",\"target\":{\"@type\":\"EntryPoint\",\"urlTemplate\":\"https:\\\/\\\/cmon-sports.com\\\/?s={search_term_string}\"},\"query-input\":{\"@type\":\"PropertyValueSpecification\",\"valueRequired\":true,\"valueName\":\"search_term_string\"}}],\"inLanguage\":\"de\"},{\"@type\":\"Organization\",\"@id\":\"https:\\\/\\\/cmon-sports.com\\\/#organization\",\"name\":\"C&#039;mon Sports | Sport Business Agency\",\"url\":\"https:\\\/\\\/cmon-sports.com\\\/\",\"logo\":{\"@type\":\"ImageObject\",\"inLanguage\":\"de\",\"@id\":\"https:\\\/\\\/cmon-sports.com\\\/#\\\/schema\\\/logo\\\/image\\\/\",\"url\":\"https:\\\/\\\/cmon-sports.com\\\/wp-content\\\/uploads\\\/2025\\\/12\\\/logo_PRINCIPAL-white-scaled-e1767086426934.png\",\"contentUrl\":\"https:\\\/\\\/cmon-sports.com\\\/wp-content\\\/uploads\\\/2025\\\/12\\\/logo_PRINCIPAL-white-scaled-e1767086426934.png\",\"width\":1250,\"height\":1550,\"caption\":\"C&#039;mon Sports | Sport Business Agency\"},\"image\":{\"@id\":\"https:\\\/\\\/cmon-sports.com\\\/#\\\/schema\\\/logo\\\/image\\\/\"}}]}<\/script>\n<!-- \/ Yoast SEO plugin. -->","yoast_head_json":{"title":"C&#039;mon Sports | Sport Business Agency - Fallstudie HCC - Geb\u00fcndelter Kartenverkauf f\u00fcr Spiele im Januar","description":"Entdecken Sie, wie der HC La Chaux-de-Fonds den Verkauf von geb\u00fcndelten Eintrittskarten f\u00fcr die Spiele im Januar gesteigert und Dauerkarteninhaber belohnt und aktiviert hat.","robots":{"index":"index","follow":"follow","max-snippet":"max-snippet:-1","max-image-preview":"max-image-preview:large","max-video-preview":"max-video-preview:-1"},"canonical":"https:\/\/cmon-sports.com\/de\/fallstudie-hcc-adventskalender-2025\/","og_locale":"de_DE","og_type":"article","og_title":"C&#039;mon Sports | Sport Business Agency - Fallstudie HCC - Geb\u00fcndelter Kartenverkauf f\u00fcr Spiele im Januar","og_description":"Entdecken Sie, wie der HC La Chaux-de-Fonds den Verkauf von geb\u00fcndelten Eintrittskarten f\u00fcr die Spiele im Januar gesteigert und Dauerkarteninhaber belohnt und aktiviert hat.","og_url":"https:\/\/cmon-sports.com\/de\/fallstudie-hcc-adventskalender-2025\/","og_site_name":"C&#039;mon Sports | Sport Business Agency","article_modified_time":"2026-04-06T09:58:45+00:00","og_image":[{"url":"https:\/\/cmon-sports.com\/wp-content\/uploads\/2024\/08\/Message-1-1-1024x576.png","type":"","width":"","height":""}],"twitter_card":"summary_large_image","twitter_title":"Kontaktieren Sie uns","twitter_description":"Nutzen Sie unser Fachwissen in der Sportgesch\u00e4ftsanalyse. Wenden Sie sich noch heute an uns, um datengest\u00fctzte Strategien und entscheidende Erkenntnisse zu erhalten, die Ihr Sportunternehmen voranbringen.","twitter_misc":{"Gesch\u00e4tzte Lesezeit":"1\u00a0Minute"},"schema":{"@context":"https:\/\/schema.org","@graph":[{"@type":"WebPage","@id":"https:\/\/cmon-sports.com\/de\/fallstudie-hcc-adventskalender-2025\/","url":"https:\/\/cmon-sports.com\/de\/fallstudie-hcc-adventskalender-2025\/","name":"C&#039;mon Sports | Sport Business Agency - Fallstudie HCC - Geb\u00fcndelter Kartenverkauf f\u00fcr Spiele im Januar","isPartOf":{"@id":"https:\/\/cmon-sports.com\/#website"},"primaryImageOfPage":{"@id":"https:\/\/cmon-sports.com\/de\/fallstudie-hcc-adventskalender-2025\/#primaryimage"},"image":{"@id":"https:\/\/cmon-sports.com\/de\/fallstudie-hcc-adventskalender-2025\/#primaryimage"},"thumbnailUrl":"https:\/\/cmon-sports.com\/wp-content\/uploads\/2026\/03\/Message-1-3.png","datePublished":"2026-03-31T19:19:23+00:00","dateModified":"2026-04-06T09:58:45+00:00","description":"Entdecken Sie, wie der HC La Chaux-de-Fonds den Verkauf von geb\u00fcndelten Eintrittskarten f\u00fcr die Spiele im Januar gesteigert und Dauerkarteninhaber belohnt und aktiviert hat.","breadcrumb":{"@id":"https:\/\/cmon-sports.com\/de\/fallstudie-hcc-adventskalender-2025\/#breadcrumb"},"inLanguage":"de","potentialAction":[{"@type":"ReadAction","target":["https:\/\/cmon-sports.com\/de\/fallstudie-hcc-adventskalender-2025\/"]}]},{"@type":"ImageObject","inLanguage":"de","@id":"https:\/\/cmon-sports.com\/de\/fallstudie-hcc-adventskalender-2025\/#primaryimage","url":"https:\/\/cmon-sports.com\/wp-content\/uploads\/2026\/03\/Message-1-3.png","contentUrl":"https:\/\/cmon-sports.com\/wp-content\/uploads\/2026\/03\/Message-1-3.png","width":2240,"height":1260},{"@type":"BreadcrumbList","@id":"https:\/\/cmon-sports.com\/de\/fallstudie-hcc-adventskalender-2025\/#breadcrumb","itemListElement":[{"@type":"ListItem","position":1,"name":"Home","item":"https:\/\/cmon-sports.com\/de\/startseite\/"},{"@type":"ListItem","position":2,"name":"Fallstudie HCC &#8211; Geb\u00fcndelter Kartenverkauf f\u00fcr Spiele im Januar"}]},{"@type":"WebSite","@id":"https:\/\/cmon-sports.com\/#website","url":"https:\/\/cmon-sports.com\/","name":"C&#039;mon Sports | Sport Business Agency","description":"It&#039;s not only about data, it&#039;s about the stories it tells","publisher":{"@id":"https:\/\/cmon-sports.com\/#organization"},"potentialAction":[{"@type":"SearchAction","target":{"@type":"EntryPoint","urlTemplate":"https:\/\/cmon-sports.com\/?s={search_term_string}"},"query-input":{"@type":"PropertyValueSpecification","valueRequired":true,"valueName":"search_term_string"}}],"inLanguage":"de"},{"@type":"Organization","@id":"https:\/\/cmon-sports.com\/#organization","name":"C&#039;mon Sports | Sport Business Agency","url":"https:\/\/cmon-sports.com\/","logo":{"@type":"ImageObject","inLanguage":"de","@id":"https:\/\/cmon-sports.com\/#\/schema\/logo\/image\/","url":"https:\/\/cmon-sports.com\/wp-content\/uploads\/2025\/12\/logo_PRINCIPAL-white-scaled-e1767086426934.png","contentUrl":"https:\/\/cmon-sports.com\/wp-content\/uploads\/2025\/12\/logo_PRINCIPAL-white-scaled-e1767086426934.png","width":1250,"height":1550,"caption":"C&#039;mon Sports | Sport Business Agency"},"image":{"@id":"https:\/\/cmon-sports.com\/#\/schema\/logo\/image\/"}}]}},"_links":{"self":[{"href":"https:\/\/cmon-sports.com\/de\/wp-json\/wp\/v2\/pages\/33375","targetHints":{"allow":["GET"]}}],"collection":[{"href":"https:\/\/cmon-sports.com\/de\/wp-json\/wp\/v2\/pages"}],"about":[{"href":"https:\/\/cmon-sports.com\/de\/wp-json\/wp\/v2\/types\/page"}],"author":[{"embeddable":true,"href":"https:\/\/cmon-sports.com\/de\/wp-json\/wp\/v2\/users\/1"}],"replies":[{"embeddable":true,"href":"https:\/\/cmon-sports.com\/de\/wp-json\/wp\/v2\/comments?post=33375"}],"version-history":[{"count":4,"href":"https:\/\/cmon-sports.com\/de\/wp-json\/wp\/v2\/pages\/33375\/revisions"}],"predecessor-version":[{"id":33590,"href":"https:\/\/cmon-sports.com\/de\/wp-json\/wp\/v2\/pages\/33375\/revisions\/33590"}],"wp:featuredmedia":[{"embeddable":true,"href":"https:\/\/cmon-sports.com\/de\/wp-json\/wp\/v2\/media\/33381"}],"wp:attachment":[{"href":"https:\/\/cmon-sports.com\/de\/wp-json\/wp\/v2\/media?parent=33375"}],"curies":[{"name":"wp","href":"https:\/\/api.w.org\/{rel}","templated":true}]}}