{"id":30516,"date":"2024-04-07T11:28:04","date_gmt":"2024-04-07T09:28:04","guid":{"rendered":"https:\/\/cmon-sports.com\/newsletter\/"},"modified":"2026-03-29T21:57:40","modified_gmt":"2026-03-29T19:57:40","slug":"newsletter","status":"publish","type":"page","link":"https:\/\/cmon-sports.com\/de\/newsletter\/","title":{"rendered":"Newsletter"},"content":{"rendered":"\t\t<div data-elementor-type=\"wp-page\" data-elementor-id=\"30516\" class=\"elementor elementor-30516 elementor-29736\">\n\t\t\t\t\t\t<section class=\"elementor-section elementor-top-section elementor-element elementor-element-0e487e0 elementor-section-full_width elementor-section-height-default elementor-section-height-default\" data-id=\"0e487e0\" data-element_type=\"section\" data-e-type=\"section\" data-settings=\"{&quot;background_background&quot;:&quot;classic&quot;}\">\n\t\t\t\t\t\t\t<div class=\"elementor-background-overlay\"><\/div>\n\t\t\t\t\t\t\t<div class=\"elementor-container elementor-column-gap-no\">\n\t\t\t\t\t<div class=\"elementor-column elementor-col-100 elementor-top-column elementor-element elementor-element-1d5d1eb\" data-id=\"1d5d1eb\" data-element_type=\"column\" data-e-type=\"column\" data-settings=\"{&quot;background_background&quot;:&quot;classic&quot;}\">\n\t\t\t<div class=\"elementor-widget-wrap elementor-element-populated\">\n\t\t\t\t\t<div class=\"elementor-background-overlay\"><\/div>\n\t\t\t\t\t\t<div class=\"elementor-element elementor-element-f07701c elementor-widget-divider--view-line elementor-widget elementor-widget-divider\" data-id=\"f07701c\" data-element_type=\"widget\" data-e-type=\"widget\" data-widget_type=\"divider.default\">\n\t\t\t\t\t\t<div class=\"elementor-widget-container\">\n\t\t\t\t\t\t\t<div class=\"elementor-divider\">\n\t\t\t<span class=\"elementor-divider-separator\">\n\t\t\t\t\t\t<\/span>\n\t\t<\/div>\n\t\t\t\t\t\t<\/div>\n\t\t\t\t<\/div>\n\t\t\t\t<div class=\"elementor-element elementor-element-6840810 elementor-widget elementor-widget-heading\" data-id=\"6840810\" data-element_type=\"widget\" data-e-type=\"widget\" data-widget_type=\"heading.default\">\n\t\t\t\t\t\t<div class=\"elementor-widget-container\">\n\t\t\t\t\t<h1 class=\"elementor-heading-title elementor-size-default\">Newsletter<\/h1>\t\t\t\t<\/div>\n\t\t\t\t<\/div>\n\t\t\t\t<div class=\"elementor-element elementor-element-403aefb elementor-widget elementor-widget-text-editor\" data-id=\"403aefb\" data-element_type=\"widget\" data-e-type=\"widget\" data-widget_type=\"text-editor.default\">\n\t\t\t\t\t\t<div class=\"elementor-widget-container\">\n\t\t\t\t\t\t\t\t\t<div class=\"flex-1 overflow-hidden\"><div class=\"react-scroll-to-bottom--css-qchwz-79elbk h-full\"><div class=\"react-scroll-to-bottom--css-qchwz-1n7m0yu\"><div><div class=\"flex flex-col text-sm pb-9\"><div class=\"w-full text-token-text-primary\" dir=\"auto\" data-testid=\"conversation-turn-14\"><div class=\"px-4 py-2 justify-center text-base md:gap-6 m-auto\"><div class=\"flex flex-1 text-base mx-auto gap-3 juice:gap-4 juice:md:gap-6 md:px-5 lg:px-1 xl:px-5 md:max-w-3xl lg:max-w-[40rem] xl:max-w-[48rem] group final-completion\"><div class=\"relative flex w-full flex-col agent-turn\"><div class=\"flex-col gap-1 md:gap-3\"><div class=\"flex flex-grow flex-col max-w-full\"><div class=\"min-h-[20px] text-message flex flex-col items-start gap-3 whitespace-pre-wrap break-words [.text-message+&amp;]:mt-5 overflow-x-auto\" dir=\"auto\" data-message-author-role=\"assistant\" data-message-id=\"504a2eb1-b412-4d38-9552-1d53b453aa1d\"><div class=\"markdown prose w-full break-words dark:prose-invert light\"><p>Bleiben Sie dem Spiel voraus mit C&#8217;mon Sports! Abonnieren Sie jetzt unseren Newsletter, um die neuesten Nachrichten, Updates und exklusive Einblicke in unsere einzigartigen Sporterlebnisse mit Spitzensportlern zu erhalten. Seien Sie der Erste, der von neuen Veranstaltungen, Trainingsm\u00f6glichkeiten und Sonderangeboten erf\u00e4hrt, die nur f\u00fcr unsere Abonnenten bestimmt sind. Ganz gleich, ob Sie Ihre F\u00e4higkeiten verbessern wollen oder auf der Suche nach au\u00dfergew\u00f6hnlichen Sporterlebnissen sind, mit unserem Newsletter bleiben Sie immer am Puls von C&#8217;mon Sports. Verpassen Sie nichts &#8211; werden Sie noch heute Mitglied unserer Community und bleiben Sie auf dem Laufenden \u00fcber die aufregendsten Sporterlebnisse, die es gibt!    <\/p><\/div><\/div><\/div><\/div><\/div><\/div><\/div><\/div><\/div><\/div><\/div><\/div><\/div>\t\t\t\t\t\t\t\t<\/div>\n\t\t\t\t<\/div>\n\t\t\t\t\t<\/div>\n\t\t<\/div>\n\t\t\t\t\t<\/div>\n\t\t<\/section>\n\t\t<div class=\"elementor-element elementor-element-fd884fb e-flex e-con-boxed e-con e-parent\" data-id=\"fd884fb\" data-element_type=\"container\" data-e-type=\"container\">\n\t\t\t\t\t<div class=\"e-con-inner\">\n\t\t\t\t<div class=\"elementor-element elementor-element-a9b9763 elementor-widget elementor-widget-wpforms\" data-id=\"a9b9763\" data-element_type=\"widget\" data-e-type=\"widget\" data-widget_type=\"wpforms.default\">\n\t\t\t\t\t\t<div class=\"elementor-widget-container\">\n\t\t\t\t\t<div class=\"wpforms-container \" id=\"wpforms-28981\"><form id=\"wpforms-form-28981\" class=\"wpforms-validate wpforms-form wpforms-ajax-form\" data-formid=\"28981\" method=\"post\" enctype=\"multipart\/form-data\" action=\"\/de\/wp-json\/wp\/v2\/pages\/30516\" data-token=\"a603f6d8aeface81f48f2c2f1312a7f1\" data-token-time=\"1776899785\"><noscript class=\"wpforms-error-noscript\">Bitte aktiviere JavaScript in deinem Browser, um dieses Formular fertigzustellen.<\/noscript><div class=\"wpforms-field-container\"><div id=\"wpforms-28981-field_1-container\" class=\"wpforms-field wpforms-field-name\" data-field-id=\"1\"><label class=\"wpforms-field-label\">Name <span class=\"wpforms-required-label\">*<\/span><\/label><div class=\"wpforms-field-row wpforms-field-medium\"><div class=\"wpforms-field-row-block wpforms-first wpforms-one-half\"><input type=\"text\" id=\"wpforms-28981-field_1\" class=\"wpforms-field-name-first wpforms-field-required\" name=\"wpforms[fields][1][first]\" required><label for=\"wpforms-28981-field_1\" class=\"wpforms-field-sublabel after\">Erste<\/label><\/div><div class=\"wpforms-field-row-block wpforms-one-half\"><input type=\"text\" id=\"wpforms-28981-field_1-last\" class=\"wpforms-field-name-last wpforms-field-required\" name=\"wpforms[fields][1][last]\" required><label for=\"wpforms-28981-field_1-last\" class=\"wpforms-field-sublabel after\">Letzte<\/label><\/div><\/div><\/div><div id=\"wpforms-28981-field_2-container\" class=\"wpforms-field wpforms-field-email\" data-field-id=\"2\"><label class=\"wpforms-field-label\" for=\"wpforms-28981-field_2\">E-Mail <span class=\"wpforms-required-label\">*<\/span><\/label><input type=\"email\" id=\"wpforms-28981-field_2\" class=\"wpforms-field-medium wpforms-field-required\" name=\"wpforms[fields][2]\" spellcheck=\"false\" required><\/div><div id=\"wpforms-28981-field_3-container\" class=\"wpforms-field wpforms-field-gdpr-checkbox\" data-field-id=\"3\"><label class=\"wpforms-field-label\">GDPR-Vereinbarung <span class=\"wpforms-required-label\">*<\/span><\/label><ul id=\"wpforms-28981-field_3\" class=\"wpforms-field-required\"><li class=\"choice-1\"><input type=\"checkbox\" id=\"wpforms-28981-field_3_1\" name=\"wpforms[fields][3][]\" value=\"Ich bin damit einverstanden, dass diese Website die von mir \u00fcbermittelten Daten speichert, damit sie auf meine Anfrage antworten kann.\" required ><label class=\"wpforms-field-label-inline\" for=\"wpforms-28981-field_3_1\">Ich bin damit einverstanden, dass diese Website die von mir \u00fcbermittelten Daten speichert, damit sie auf meine Anfrage antworten kann.<\/label><\/li><\/ul><\/div><\/div><!-- .wpforms-field-container --><div class=\"wpforms-recaptcha-container wpforms-is-recaptcha wpforms-is-recaptcha-type-v3\" ><input type=\"hidden\" name=\"wpforms[recaptcha]\" value=\"\"><\/div><div class=\"wpforms-submit-container\" ><input type=\"hidden\" name=\"wpforms[id]\" value=\"28981\"><input type=\"hidden\" name=\"page_title\" value=\"\"><input type=\"hidden\" name=\"page_url\" value=\"https:\/\/cmon-sports.com\/de\/wp-json\/wp\/v2\/pages\/30516\"><input type=\"hidden\" name=\"url_referer\" value=\"\"><button type=\"submit\" name=\"wpforms[submit]\" id=\"wpforms-submit-28981\" class=\"wpforms-submit\" data-alt-text=\"Senden Sie...\" data-submit-text=\"Einreichen\" aria-live=\"assertive\" value=\"wpforms-submit\">Einreichen<\/button><img decoding=\"async\" src=\"https:\/\/cmon-sports.com\/wp-content\/plugins\/wpforms\/assets\/images\/submit-spin.svg\" class=\"wpforms-submit-spinner\" style=\"display: none;\" width=\"26\" height=\"26\" alt=\"Wird geladen\"><\/div><\/form><\/div>  <!-- .wpforms-container -->\t\t\t\t<\/div>\n\t\t\t\t<\/div>\n\t\t\t\t\t<\/div>\n\t\t\t\t<\/div>\n\t\t\t\t<\/div>\n\t\t","protected":false},"excerpt":{"rendered":"<p>Newsletter Bleiben Sie dem Spiel voraus mit C&#8217;mon Sports! Abonnieren Sie jetzt unseren Newsletter, um die neuesten Nachrichten, Updates und exklusive Einblicke in unsere einzigartigen Sporterlebnisse mit Spitzensportlern zu erhalten. Seien Sie der Erste, der von neuen Veranstaltungen, Trainingsm\u00f6glichkeiten und Sonderangeboten erf\u00e4hrt, die nur f\u00fcr unsere Abonnenten bestimmt sind. Ganz gleich, ob Sie Ihre F\u00e4higkeiten [&hellip;]<\/p>\n","protected":false},"author":1,"featured_media":30319,"parent":0,"menu_order":0,"comment_status":"closed","ping_status":"closed","template":"","meta":{"site-sidebar-layout":"no-sidebar","site-content-layout":"page-builder","ast-site-content-layout":"full-width-container","site-content-style":"unboxed","site-sidebar-style":"unboxed","ast-global-header-display":"","ast-banner-title-visibility":"","ast-main-header-display":"","ast-hfb-above-header-display":"","ast-hfb-below-header-display":"","ast-hfb-mobile-header-display":"","site-post-title":"disabled","ast-breadcrumbs-content":"","ast-featured-img":"disabled","footer-sml-layout":"","ast-disable-related-posts":"","theme-transparent-header-meta":"enabled","adv-header-id-meta":"","stick-header-meta":"","header-above-stick-meta":"","header-main-stick-meta":"","header-below-stick-meta":"","astra-migrate-meta-layouts":"default","ast-page-background-enabled":"default","ast-page-background-meta":{"desktop":{"background-color":"var(--ast-global-color-4)","background-image":"","background-repeat":"repeat","background-position":"center center","background-size":"auto","background-attachment":"scroll","background-type":"","background-media":"","overlay-type":"","overlay-color":"","overlay-opacity":"","overlay-gradient":""},"tablet":{"background-color":"","background-image":"","background-repeat":"repeat","background-position":"center center","background-size":"auto","background-attachment":"scroll","background-type":"","background-media":"","overlay-type":"","overlay-color":"","overlay-opacity":"","overlay-gradient":""},"mobile":{"background-color":"","background-image":"","background-repeat":"repeat","background-position":"center center","background-size":"auto","background-attachment":"scroll","background-type":"","background-media":"","overlay-type":"","overlay-color":"","overlay-opacity":"","overlay-gradient":""}},"ast-content-background-meta":{"desktop":{"background-color":"var(--ast-global-color-5)","background-image":"","background-repeat":"repeat","background-position":"center center","background-size":"auto","background-attachment":"scroll","background-type":"","background-media":"","overlay-type":"","overlay-color":"","overlay-opacity":"","overlay-gradient":""},"tablet":{"background-color":"var(--ast-global-color-5)","background-image":"","background-repeat":"repeat","background-position":"center center","background-size":"auto","background-attachment":"scroll","background-type":"","background-media":"","overlay-type":"","overlay-color":"","overlay-opacity":"","overlay-gradient":""},"mobile":{"background-color":"var(--ast-global-color-5)","background-image":"","background-repeat":"repeat","background-position":"center center","background-size":"auto","background-attachment":"scroll","background-type":"","background-media":"","overlay-type":"","overlay-color":"","overlay-opacity":"","overlay-gradient":""}},"footnotes":""},"class_list":["post-30516","page","type-page","status-publish","has-post-thumbnail","hentry"],"yoast_head":"<!-- This site is optimized with the Yoast SEO plugin v27.4 - https:\/\/yoast.com\/product\/yoast-seo-wordpress\/ -->\n<title>C&#039;mon Sports | Sport Business Agency - Newsletter<\/title>\n<meta name=\"description\" content=\"Abonnieren Sie unseren Newsletter, um am Puls von C&#039;mon Sports \u00fcber die neuesten Nachrichten im Sportbusiness zu bleiben.\" \/>\n<meta name=\"robots\" content=\"index, follow, max-snippet:-1, max-image-preview:large, max-video-preview:-1\" \/>\n<link rel=\"canonical\" href=\"https:\/\/cmon-sports.com\/de\/newsletter\/\" \/>\n<meta property=\"og:locale\" content=\"de_DE\" \/>\n<meta property=\"og:type\" content=\"article\" \/>\n<meta property=\"og:title\" content=\"C&#039;mon Sports | Sport Business Agency - Kontaktieren Sie uns\" \/>\n<meta property=\"og:description\" content=\"Nutzen Sie unser Fachwissen in der Sportgesch\u00e4ftsanalyse. Wenden Sie sich noch heute an uns, um datengest\u00fctzte Strategien und entscheidende Erkenntnisse zu erhalten, die Ihr Sportunternehmen voranbringen.\" \/>\n<meta property=\"og:url\" content=\"https:\/\/cmon-sports.com\/de\/newsletter\/\" \/>\n<meta property=\"og:site_name\" content=\"C&#039;mon Sports | Sport Business Agency\" \/>\n<meta property=\"article:modified_time\" content=\"2026-03-29T19:57:40+00:00\" \/>\n<meta property=\"og:image\" content=\"https:\/\/cmon-sports.com\/wp-content\/uploads\/2024\/02\/407855404_122099739350139413_1584901893289549766_n-1024x576.jpg\" \/>\n<meta name=\"twitter:card\" content=\"summary_large_image\" \/>\n<meta name=\"twitter:title\" content=\"Kontaktieren Sie uns\" \/>\n<meta name=\"twitter:description\" content=\"Nutzen Sie unser Fachwissen in der Sportgesch\u00e4ftsanalyse. Wenden Sie sich noch heute an uns, um datengest\u00fctzte Strategien und entscheidende Erkenntnisse zu erhalten, die Ihr Sportunternehmen voranbringen.\" \/>\n<meta name=\"twitter:label1\" content=\"Gesch\u00e4tzte Lesezeit\" \/>\n\t<meta name=\"twitter:data1\" content=\"1\u00a0Minute\" \/>\n<script type=\"application\/ld+json\" class=\"yoast-schema-graph\">{\"@context\":\"https:\\\/\\\/schema.org\",\"@graph\":[{\"@type\":\"WebPage\",\"@id\":\"https:\\\/\\\/cmon-sports.com\\\/de\\\/newsletter\\\/\",\"url\":\"https:\\\/\\\/cmon-sports.com\\\/de\\\/newsletter\\\/\",\"name\":\"C&#039;mon Sports | Sport Business Agency - Newsletter\",\"isPartOf\":{\"@id\":\"https:\\\/\\\/cmon-sports.com\\\/#website\"},\"primaryImageOfPage\":{\"@id\":\"https:\\\/\\\/cmon-sports.com\\\/de\\\/newsletter\\\/#primaryimage\"},\"image\":{\"@id\":\"https:\\\/\\\/cmon-sports.com\\\/de\\\/newsletter\\\/#primaryimage\"},\"thumbnailUrl\":\"https:\\\/\\\/cmon-sports.com\\\/wp-content\\\/uploads\\\/2024\\\/02\\\/407855404_122099739350139413_1584901893289549766_n.jpg\",\"datePublished\":\"2024-04-07T09:28:04+00:00\",\"dateModified\":\"2026-03-29T19:57:40+00:00\",\"description\":\"Abonnieren Sie unseren Newsletter, um am Puls von C'mon Sports \u00fcber die neuesten Nachrichten im Sportbusiness zu bleiben.\",\"breadcrumb\":{\"@id\":\"https:\\\/\\\/cmon-sports.com\\\/de\\\/newsletter\\\/#breadcrumb\"},\"inLanguage\":\"de\",\"potentialAction\":[{\"@type\":\"ReadAction\",\"target\":[\"https:\\\/\\\/cmon-sports.com\\\/de\\\/newsletter\\\/\"]}]},{\"@type\":\"ImageObject\",\"inLanguage\":\"de\",\"@id\":\"https:\\\/\\\/cmon-sports.com\\\/de\\\/newsletter\\\/#primaryimage\",\"url\":\"https:\\\/\\\/cmon-sports.com\\\/wp-content\\\/uploads\\\/2024\\\/02\\\/407855404_122099739350139413_1584901893289549766_n.jpg\",\"contentUrl\":\"https:\\\/\\\/cmon-sports.com\\\/wp-content\\\/uploads\\\/2024\\\/02\\\/407855404_122099739350139413_1584901893289549766_n.jpg\",\"width\":2048,\"height\":1152},{\"@type\":\"BreadcrumbList\",\"@id\":\"https:\\\/\\\/cmon-sports.com\\\/de\\\/newsletter\\\/#breadcrumb\",\"itemListElement\":[{\"@type\":\"ListItem\",\"position\":1,\"name\":\"Home\",\"item\":\"https:\\\/\\\/cmon-sports.com\\\/de\\\/startseite\\\/\"},{\"@type\":\"ListItem\",\"position\":2,\"name\":\"Newsletter\"}]},{\"@type\":\"WebSite\",\"@id\":\"https:\\\/\\\/cmon-sports.com\\\/#website\",\"url\":\"https:\\\/\\\/cmon-sports.com\\\/\",\"name\":\"C&#039;mon Sports | Sport Business Agency\",\"description\":\"It&#039;s not only about data, it&#039;s about the stories it tells\",\"publisher\":{\"@id\":\"https:\\\/\\\/cmon-sports.com\\\/#organization\"},\"potentialAction\":[{\"@type\":\"SearchAction\",\"target\":{\"@type\":\"EntryPoint\",\"urlTemplate\":\"https:\\\/\\\/cmon-sports.com\\\/?s={search_term_string}\"},\"query-input\":{\"@type\":\"PropertyValueSpecification\",\"valueRequired\":true,\"valueName\":\"search_term_string\"}}],\"inLanguage\":\"de\"},{\"@type\":\"Organization\",\"@id\":\"https:\\\/\\\/cmon-sports.com\\\/#organization\",\"name\":\"C&#039;mon Sports | Sport Business Agency\",\"url\":\"https:\\\/\\\/cmon-sports.com\\\/\",\"logo\":{\"@type\":\"ImageObject\",\"inLanguage\":\"de\",\"@id\":\"https:\\\/\\\/cmon-sports.com\\\/#\\\/schema\\\/logo\\\/image\\\/\",\"url\":\"https:\\\/\\\/cmon-sports.com\\\/wp-content\\\/uploads\\\/2025\\\/12\\\/logo_PRINCIPAL-white-scaled-e1767086426934.png\",\"contentUrl\":\"https:\\\/\\\/cmon-sports.com\\\/wp-content\\\/uploads\\\/2025\\\/12\\\/logo_PRINCIPAL-white-scaled-e1767086426934.png\",\"width\":1250,\"height\":1550,\"caption\":\"C&#039;mon Sports | Sport Business Agency\"},\"image\":{\"@id\":\"https:\\\/\\\/cmon-sports.com\\\/#\\\/schema\\\/logo\\\/image\\\/\"}}]}<\/script>\n<!-- \/ Yoast SEO plugin. -->","yoast_head_json":{"title":"C&#039;mon Sports | Sport Business Agency - Newsletter","description":"Abonnieren Sie unseren Newsletter, um am Puls von C'mon Sports \u00fcber die neuesten Nachrichten im Sportbusiness zu bleiben.","robots":{"index":"index","follow":"follow","max-snippet":"max-snippet:-1","max-image-preview":"max-image-preview:large","max-video-preview":"max-video-preview:-1"},"canonical":"https:\/\/cmon-sports.com\/de\/newsletter\/","og_locale":"de_DE","og_type":"article","og_title":"C'mon Sports | Sport Business Agency - Kontaktieren Sie uns","og_description":"Nutzen Sie unser Fachwissen in der Sportgesch\u00e4ftsanalyse. Wenden Sie sich noch heute an uns, um datengest\u00fctzte Strategien und entscheidende Erkenntnisse zu erhalten, die Ihr Sportunternehmen voranbringen.","og_url":"https:\/\/cmon-sports.com\/de\/newsletter\/","og_site_name":"C&#039;mon Sports | Sport Business Agency","article_modified_time":"2026-03-29T19:57:40+00:00","og_image":[{"url":"https:\/\/cmon-sports.com\/wp-content\/uploads\/2024\/02\/407855404_122099739350139413_1584901893289549766_n-1024x576.jpg","type":"","width":"","height":""}],"twitter_card":"summary_large_image","twitter_title":"Kontaktieren Sie uns","twitter_description":"Nutzen Sie unser Fachwissen in der Sportgesch\u00e4ftsanalyse. Wenden Sie sich noch heute an uns, um datengest\u00fctzte Strategien und entscheidende Erkenntnisse zu erhalten, die Ihr Sportunternehmen voranbringen.","twitter_misc":{"Gesch\u00e4tzte Lesezeit":"1\u00a0Minute"},"schema":{"@context":"https:\/\/schema.org","@graph":[{"@type":"WebPage","@id":"https:\/\/cmon-sports.com\/de\/newsletter\/","url":"https:\/\/cmon-sports.com\/de\/newsletter\/","name":"C&#039;mon Sports | Sport Business Agency - Newsletter","isPartOf":{"@id":"https:\/\/cmon-sports.com\/#website"},"primaryImageOfPage":{"@id":"https:\/\/cmon-sports.com\/de\/newsletter\/#primaryimage"},"image":{"@id":"https:\/\/cmon-sports.com\/de\/newsletter\/#primaryimage"},"thumbnailUrl":"https:\/\/cmon-sports.com\/wp-content\/uploads\/2024\/02\/407855404_122099739350139413_1584901893289549766_n.jpg","datePublished":"2024-04-07T09:28:04+00:00","dateModified":"2026-03-29T19:57:40+00:00","description":"Abonnieren Sie unseren Newsletter, um am Puls von C'mon Sports \u00fcber die neuesten Nachrichten im Sportbusiness zu bleiben.","breadcrumb":{"@id":"https:\/\/cmon-sports.com\/de\/newsletter\/#breadcrumb"},"inLanguage":"de","potentialAction":[{"@type":"ReadAction","target":["https:\/\/cmon-sports.com\/de\/newsletter\/"]}]},{"@type":"ImageObject","inLanguage":"de","@id":"https:\/\/cmon-sports.com\/de\/newsletter\/#primaryimage","url":"https:\/\/cmon-sports.com\/wp-content\/uploads\/2024\/02\/407855404_122099739350139413_1584901893289549766_n.jpg","contentUrl":"https:\/\/cmon-sports.com\/wp-content\/uploads\/2024\/02\/407855404_122099739350139413_1584901893289549766_n.jpg","width":2048,"height":1152},{"@type":"BreadcrumbList","@id":"https:\/\/cmon-sports.com\/de\/newsletter\/#breadcrumb","itemListElement":[{"@type":"ListItem","position":1,"name":"Home","item":"https:\/\/cmon-sports.com\/de\/startseite\/"},{"@type":"ListItem","position":2,"name":"Newsletter"}]},{"@type":"WebSite","@id":"https:\/\/cmon-sports.com\/#website","url":"https:\/\/cmon-sports.com\/","name":"C&#039;mon Sports | Sport Business Agency","description":"It&#039;s not only about data, it&#039;s about the stories it tells","publisher":{"@id":"https:\/\/cmon-sports.com\/#organization"},"potentialAction":[{"@type":"SearchAction","target":{"@type":"EntryPoint","urlTemplate":"https:\/\/cmon-sports.com\/?s={search_term_string}"},"query-input":{"@type":"PropertyValueSpecification","valueRequired":true,"valueName":"search_term_string"}}],"inLanguage":"de"},{"@type":"Organization","@id":"https:\/\/cmon-sports.com\/#organization","name":"C&#039;mon Sports | Sport Business Agency","url":"https:\/\/cmon-sports.com\/","logo":{"@type":"ImageObject","inLanguage":"de","@id":"https:\/\/cmon-sports.com\/#\/schema\/logo\/image\/","url":"https:\/\/cmon-sports.com\/wp-content\/uploads\/2025\/12\/logo_PRINCIPAL-white-scaled-e1767086426934.png","contentUrl":"https:\/\/cmon-sports.com\/wp-content\/uploads\/2025\/12\/logo_PRINCIPAL-white-scaled-e1767086426934.png","width":1250,"height":1550,"caption":"C&#039;mon Sports | Sport Business Agency"},"image":{"@id":"https:\/\/cmon-sports.com\/#\/schema\/logo\/image\/"}}]}},"_links":{"self":[{"href":"https:\/\/cmon-sports.com\/de\/wp-json\/wp\/v2\/pages\/30516","targetHints":{"allow":["GET"]}}],"collection":[{"href":"https:\/\/cmon-sports.com\/de\/wp-json\/wp\/v2\/pages"}],"about":[{"href":"https:\/\/cmon-sports.com\/de\/wp-json\/wp\/v2\/types\/page"}],"author":[{"embeddable":true,"href":"https:\/\/cmon-sports.com\/de\/wp-json\/wp\/v2\/users\/1"}],"replies":[{"embeddable":true,"href":"https:\/\/cmon-sports.com\/de\/wp-json\/wp\/v2\/comments?post=30516"}],"version-history":[{"count":0,"href":"https:\/\/cmon-sports.com\/de\/wp-json\/wp\/v2\/pages\/30516\/revisions"}],"wp:featuredmedia":[{"embeddable":true,"href":"https:\/\/cmon-sports.com\/de\/wp-json\/wp\/v2\/media\/30319"}],"wp:attachment":[{"href":"https:\/\/cmon-sports.com\/de\/wp-json\/wp\/v2\/media?parent=30516"}],"curies":[{"name":"wp","href":"https:\/\/api.w.org\/{rel}","templated":true}]}}